{"id":328,"date":"2025-05-20T08:21:58","date_gmt":"2025-05-20T06:21:58","guid":{"rendered":"https:\/\/eleves.escl.fr\/wp2\/y2026\/?page_id=328"},"modified":"2025-05-20T08:21:58","modified_gmt":"2025-05-20T06:21:58","slug":"lucie-guilbaud","status":"publish","type":"page","link":"https:\/\/eleves.escl.fr\/wp2\/y2026\/lucie-guilbaud\/","title":{"rendered":"Lucie Guilbaud"},"content":{"rendered":"\n<div class=\"wp-block-group alignfull is-style-section-1 has-global-padding is-layout-constrained wp-block-group-is-layout-constrained is-style-section-1--1\" style=\"margin-top:0;margin-bottom:0;padding-top:var(--wp--preset--spacing--80);padding-bottom:var(--wp--preset--spacing--80)\">\n<div class=\"wp-block-columns alignwide is-layout-flex wp-container-core-columns-is-layout-66fad18a wp-block-columns-is-layout-flex\">\n<div class=\"wp-block-column is-layout-flow wp-block-column-is-layout-flow\" style=\"padding-right:var(--wp--preset--spacing--50);flex-basis:45%\">\n<figure class=\"wp-block-image size-full\"><img decoding=\"async\" src=\"https:\/\/eleves.escl.fr\/wp2\/y2026\/wp-content\/themes\/twentytwentyfive\/assets\/images\/red-hibiscus-closeup.webp\" alt=\"Photographie en gros plan d\u2019une fleur rouge.\" \/><\/figure>\n\n\n\n<div class=\"wp-block-group has-global-padding is-layout-constrained wp-block-group-is-layout-constrained\" style=\"margin-top:-12vw\">\n<figure class=\"wp-block-image alignright size-full is-resized\" style=\"margin-right:-5vw;margin-left:-5vw\"><img decoding=\"async\" src=\"https:\/\/eleves.escl.fr\/wp2\/y2026\/wp-content\/themes\/twentytwentyfive\/assets\/images\/grid-flower-2.webp\" alt=\"Photographie en noir et blanc en gros plan d\u2019une fleur.\" style=\"width:202px\" \/><\/figure>\n<\/div>\n<\/div>\n\n\n\n<div class=\"wp-block-column is-vertically-aligned-center is-layout-flow wp-block-column-is-layout-flow\" style=\"padding-right:0;padding-left:0;flex-basis:50%\">\n<div class=\"wp-block-group is-vertical is-layout-flex wp-container-core-group-is-layout-fe9cc265 wp-block-group-is-layout-flex\">\n<p>\u00e0 propos de moi&#8230;<\/p>\n<\/div>\n\n\n\n<p class=\"is-style-text-subtitle is-style-text-subtitle--2\"><strong>Je m\u2019appelle Lucie Guibaud. Je suis une personne cr\u00e9ative et passionn\u00e9e, attir\u00e9e par tout ce qui touche \u00e0 la mode, au design et au dessin. J\u2019aime exprimer ma personnalit\u00e9 \u00e0 travers ce que je cr\u00e9e. Le sport occupe aussi une grande place dans ma vie, notamment le basket, que je pratique avec \u00e9nergie. J\u2019aime passer du temps en plein air, que ce soit pour me ressourcer ou pour partager des moments simples avec mes proches. \u00catre entour\u00e9e de ma famille et de mes amis est essentiel pour moi. J\u2019aime aussi m\u2019occuper des enfants, ce qui m\u2019a naturellement conduite \u00e0 passer le BAFA, pour pouvoir m\u2019investir encore plus dans leur accompagnement et leur \u00e9panouissement.<\/strong> <\/p>\n<\/div>\n<\/div>\n\n\n\n<p class=\"has-text-align-center\"><strong>Voici un lien vers mon site web, La Cuisine du Monde, qui rassemble les recettes les plus embl\u00e9matiques de chaque pays \u00e0 travers le globe.<\/strong><\/p>\n\n\n\n<div class=\"wp-block-buttons is-content-justification-center is-layout-flex wp-container-core-buttons-is-layout-a89b3969 wp-block-buttons-is-layout-flex\">\n<div class=\"wp-block-button\"><a class=\"wp-block-button__link wp-element-button\" href=\"https:\/\/eleves.escl.fr\/wp2\/cuisine\/\">la cuisine du monde<\/a><\/div>\n<\/div>\n<\/div>\n\n\n\n<p><\/p>\n\n\n\n<p><\/p>\n\n\n\n<p><\/p>\n","protected":false},"excerpt":{"rendered":"<p>\u00e0 propos de moi&#8230; Je m\u2019appelle Lucie Guibaud. Je suis une personne cr\u00e9ative et passionn\u00e9e, attir\u00e9e par tout ce qui touche \u00e0 la mode, au design et au dessin. J\u2019aime exprimer ma personnalit\u00e9 \u00e0 travers ce que je cr\u00e9e. Le sport occupe aussi une grande place dans ma vie, notamment le basket, que je pratique [&hellip;]<\/p>\n","protected":false},"author":12,"featured_media":0,"parent":0,"menu_order":0,"comment_status":"closed","ping_status":"closed","template":"","meta":{"footnotes":""},"class_list":["post-328","page","type-page","status-publish","hentry"],"_links":{"self":[{"href":"https:\/\/eleves.escl.fr\/wp2\/y2026\/wp-json\/wp\/v2\/pages\/328","targetHints":{"allow":["GET"]}}],"collection":[{"href":"https:\/\/eleves.escl.fr\/wp2\/y2026\/wp-json\/wp\/v2\/pages"}],"about":[{"href":"https:\/\/eleves.escl.fr\/wp2\/y2026\/wp-json\/wp\/v2\/types\/page"}],"author":[{"embeddable":true,"href":"https:\/\/eleves.escl.fr\/wp2\/y2026\/wp-json\/wp\/v2\/users\/12"}],"replies":[{"embeddable":true,"href":"https:\/\/eleves.escl.fr\/wp2\/y2026\/wp-json\/wp\/v2\/comments?post=328"}],"version-history":[{"count":1,"href":"https:\/\/eleves.escl.fr\/wp2\/y2026\/wp-json\/wp\/v2\/pages\/328\/revisions"}],"predecessor-version":[{"id":329,"href":"https:\/\/eleves.escl.fr\/wp2\/y2026\/wp-json\/wp\/v2\/pages\/328\/revisions\/329"}],"wp:attachment":[{"href":"https:\/\/eleves.escl.fr\/wp2\/y2026\/wp-json\/wp\/v2\/media?parent=328"}],"curies":[{"name":"wp","href":"https:\/\/api.w.org\/{rel}","templated":true}]}}