{"id":41,"date":"2025-05-06T13:48:35","date_gmt":"2025-05-06T11:48:35","guid":{"rendered":"https:\/\/eleves.escl.fr\/wp2\/y2026\/?page_id=41"},"modified":"2025-05-06T14:26:13","modified_gmt":"2025-05-06T12:26:13","slug":"raphaelle-pascal","status":"publish","type":"page","link":"https:\/\/eleves.escl.fr\/wp2\/y2026\/raphaelle-pascal\/","title":{"rendered":"PASCAL Raphaelle"},"content":{"rendered":"\n<figure class=\"wp-block-gallery has-nested-images columns-default is-cropped wp-block-gallery-1 is-layout-flex wp-block-gallery-is-layout-flex\"><\/figure>\n\n\n\n<p>Bonjour, je m&rsquo;appelle Rapha\u00eblle PASCAL, j&rsquo;ai 17 ans, et je suis actuellement en premi\u00e8re STD2A au lyc\u00e9e Saint Pierre Saint Paul, \u00e0 Langogne.<\/p>\n\n\n\n<p>Depuis toujours, je suis passionn\u00e9e par le design, les arts visuels et la cr\u00e9ation sous toutes ses formes. La fili\u00e8re STD2A m&rsquo;a permis d&rsquo;explorer diff\u00e9rents domaines comme le design graphique, le design d&rsquo;espace, de produit ou encore la communication visuelle. J&rsquo;ai pu acqu\u00e9rir une m\u00e9thode de travail rigoureuse, alliant r\u00e9flexion, croquis, recherches, et mise en forme concr\u00e8te des projets.<\/p>\n\n\n\n<p>J\u2019ai un int\u00e9r\u00eat particulier pour l\u2019architecture et le design d&rsquo;int\u00e9rieur, et je souhaite aujourd\u2019hui approfondir cette voie dans un cadre plus professionnalisant. C\u2019est pour cela que je me tourne vers votre \u00e9tablissement, qui me semble en parfaite ad\u00e9quation avec mes aspirations cr\u00e9atives et mon projet professionnel.<\/p>\n\n\n\n<p>\u00c0 long terme, j\u2019aimerais travailler dans l&rsquo;architecture, et je suis pr\u00eate \u00e0 m\u2019investir pleinement pour atteindre cet objectif.<\/p>\n\n\n\n<p>Voici ci-joint le site internet que j&rsquo;ai fait dans le cadre d&rsquo;un cours de OLN en classe de premi\u00e8re STD2A : <a href=\"https:\/\/eleves.escl.fr\/wp2\/styles\/\">Trouve Ton Style<\/a><\/p>\n\n\n\n<p><\/p>\n\n\n\n<div class=\"wp-block-group alignfull has-global-padding is-layout-constrained wp-block-group-is-layout-constrained\" style=\"margin-top:0;margin-bottom:0;padding-top:var(--wp--preset--spacing--50);padding-bottom:var(--wp--preset--spacing--50)\">\n<div class=\"wp-block-group alignwide is-layout-grid wp-container-core-group-is-layout-21f393a4 wp-block-group-is-layout-grid\">\n<div class=\"wp-block-group is-style-section-3 has-global-padding is-layout-constrained wp-block-group-is-layout-constrained is-style-section-3--2\" style=\"min-height:297px\">\n<div class=\"wp-block-group is-vertical is-content-justification-center is-layout-flex wp-container-core-group-is-layout-4aa192bb wp-block-group-is-layout-flex\" style=\"min-height:100%\">\n<h2 class=\"wp-block-heading has-large-font-size\">Instagram<\/h2>\n\n\n\n<p class=\"has-text-align-center has-medium-font-size\"><a href=\"#\">@exemple<\/a><\/p>\n<\/div>\n<\/div>\n\n\n\n<figure class=\"wp-block-image size-full\"><img decoding=\"async\" src=\"https:\/\/eleves.escl.fr\/wp2\/y2026\/wp-content\/themes\/twentytwentyfive\/assets\/images\/flower-meadow-square.webp\" alt=\"Image d\u2019un champ rempli de fleurs, avec un ciel bleu et un arbre.\" style=\"aspect-ratio:1;object-fit:cover\" \/><\/figure>\n\n\n\n<figure class=\"wp-block-image size-full\"><img decoding=\"async\" src=\"https:\/\/eleves.escl.fr\/wp2\/y2026\/wp-content\/themes\/twentytwentyfive\/assets\/images\/vash-gon-square.webp\" alt=\"Portrait de profil d\u2019une personne autochtone.\" style=\"aspect-ratio:1;object-fit:cover\" \/><\/figure>\n\n\n\n<figure class=\"wp-block-image size-full\"><img decoding=\"async\" src=\"https:\/\/eleves.escl.fr\/wp2\/y2026\/wp-content\/themes\/twentytwentyfive\/assets\/images\/coral-square.webp\" alt=\"Vue des profondeurs de l\u2019oc\u00e9an.\" style=\"aspect-ratio:1;object-fit:cover\" \/><\/figure>\n\n\n\n<figure class=\"wp-block-image size-full\"><img decoding=\"async\" src=\"https:\/\/eleves.escl.fr\/wp2\/y2026\/wp-content\/themes\/twentytwentyfive\/assets\/images\/agenda-img-4.webp\" alt=\"Portrait d\u2019une femme africaine v\u00eatue d\u2019un costume traditionnel, arborant des bijoux d\u00e9coratifs.\" style=\"aspect-ratio:1;object-fit:cover\" \/><\/figure>\n\n\n\n<figure class=\"wp-block-image size-full\"><img decoding=\"async\" src=\"https:\/\/eleves.escl.fr\/wp2\/y2026\/wp-content\/themes\/twentytwentyfive\/assets\/images\/parthenon-square.webp\" alt=\"L\u2019Acropole d\u2019Ath\u00e8nes.\" style=\"aspect-ratio:1;object-fit:cover\" \/><\/figure>\n\n\n\n<figure class=\"wp-block-image size-full\"><img decoding=\"async\" src=\"https:\/\/eleves.escl.fr\/wp2\/y2026\/wp-content\/themes\/twentytwentyfive\/assets\/images\/dallas-creek-square.webp\" alt=\"Gros plan sur deux fleurs sur fond sombre.\" style=\"aspect-ratio:1;object-fit:cover\" \/><\/figure>\n\n\n\n<figure class=\"wp-block-image size-full\"><img decoding=\"async\" src=\"https:\/\/eleves.escl.fr\/wp2\/y2026\/wp-content\/themes\/twentytwentyfive\/assets\/images\/marshland-birds-square.webp\" alt=\"Des oiseaux sur un lac.\" style=\"aspect-ratio:1;object-fit:cover\" \/><\/figure>\n<\/div>\n<\/div>\n","protected":false},"excerpt":{"rendered":"<p>Bonjour, je m&rsquo;appelle Rapha\u00eblle PASCAL, j&rsquo;ai 17 ans, et je suis actuellement en premi\u00e8re STD2A au lyc\u00e9e Saint Pierre Saint Paul, \u00e0 Langogne. Depuis toujours, je suis passionn\u00e9e par le design, les arts visuels et la cr\u00e9ation sous toutes ses formes. La fili\u00e8re STD2A m&rsquo;a permis d&rsquo;explorer diff\u00e9rents domaines comme le design graphique, le design [&hellip;]<\/p>\n","protected":false},"author":15,"featured_media":0,"parent":0,"menu_order":0,"comment_status":"closed","ping_status":"closed","template":"","meta":{"footnotes":""},"class_list":["post-41","page","type-page","status-publish","hentry"],"_links":{"self":[{"href":"https:\/\/eleves.escl.fr\/wp2\/y2026\/wp-json\/wp\/v2\/pages\/41","targetHints":{"allow":["GET"]}}],"collection":[{"href":"https:\/\/eleves.escl.fr\/wp2\/y2026\/wp-json\/wp\/v2\/pages"}],"about":[{"href":"https:\/\/eleves.escl.fr\/wp2\/y2026\/wp-json\/wp\/v2\/types\/page"}],"author":[{"embeddable":true,"href":"https:\/\/eleves.escl.fr\/wp2\/y2026\/wp-json\/wp\/v2\/users\/15"}],"replies":[{"embeddable":true,"href":"https:\/\/eleves.escl.fr\/wp2\/y2026\/wp-json\/wp\/v2\/comments?post=41"}],"version-history":[{"count":9,"href":"https:\/\/eleves.escl.fr\/wp2\/y2026\/wp-json\/wp\/v2\/pages\/41\/revisions"}],"predecessor-version":[{"id":129,"href":"https:\/\/eleves.escl.fr\/wp2\/y2026\/wp-json\/wp\/v2\/pages\/41\/revisions\/129"}],"wp:attachment":[{"href":"https:\/\/eleves.escl.fr\/wp2\/y2026\/wp-json\/wp\/v2\/media?parent=41"}],"curies":[{"name":"wp","href":"https:\/\/api.w.org\/{rel}","templated":true}]}}