{"id":42,"date":"2025-05-06T13:50:26","date_gmt":"2025-05-06T11:50:26","guid":{"rendered":"https:\/\/eleves.escl.fr\/wp2\/y2026\/?page_id=42"},"modified":"2025-05-06T14:37:14","modified_gmt":"2025-05-06T12:37:14","slug":"salles-lola","status":"publish","type":"page","link":"https:\/\/eleves.escl.fr\/wp2\/y2026\/salles-lola\/","title":{"rendered":"SALLES Lola"},"content":{"rendered":"\n<div class=\"wp-block-group alignfull has-global-padding is-layout-constrained wp-container-core-group-is-layout-0c9c989a wp-block-group-is-layout-constrained\" style=\"min-height:0vh;margin-top:0;margin-bottom:0;padding-top:var(--wp--preset--spacing--70);padding-right:var(--wp--preset--spacing--40);padding-bottom:var(--wp--preset--spacing--70);padding-left:var(--wp--preset--spacing--40)\">\n<div class=\"wp-block-group has-global-padding is-layout-constrained wp-container-core-group-is-layout-346627ba wp-block-group-is-layout-constrained\">\n<h2 class=\"wp-block-heading has-text-align-center has-xx-large-font-size\" style=\"margin-right:0;margin-left:0;padding-right:0;padding-left:0;text-decoration:underline\">Book 2026\/2027<\/h2>\n\n\n\n<p class=\"has-text-align-center\">Je m&rsquo;appelle Lola salles , j&rsquo;ai 16ans et je suis passionn\u00e9e par l&rsquo;art sous toutes ses formes.Ce book refl\u00e8te mon univers,mes inspiration et mon envie d&rsquo;int\u00e9grer une \u00e9cole ou je pourrai d\u00e9velopper ma cr\u00e9ativit\u00e9, apprendre, exp\u00e9rimenter et affiner ma sensibilit\u00e9 artistique.<\/p>\n\n\n\n<hr class=\"wp-block-separator has-alpha-channel-opacity\" \/>\n\n\n\n<p>Mon parcours en STD2A est pour moi l\u2019occasion de repousser mes limites, d\u2019exp\u00e9rimenter de nouvelles id\u00e9es et de concr\u00e9tiser mes projets gr\u00e2ce aux outils num\u00e9riques et aux techniques manuelles. \u00c0 travers des mati\u00e8res comme l&rsquo;histoire de l&rsquo;art, la conception graphique, l\u2019architecture ou encore la communication visuelle, j\u2019apprends \u00e0 analyser l\u2019environnement qui m\u2019entoure, \u00e0 comprendre les enjeux esth\u00e9tiques et fonctionnels de chaque projet, tout en int\u00e9grant des solutions innovantes et pratiques.<\/p>\n\n\n\n<p>J\u2019ai eu la chance de travailler sur plusieurs projets o\u00f9 j\u2019ai pu mettre en pratique mes comp\u00e9tences, comme la cr\u00e9ation d\u2019une identit\u00e9 visuelle pour une marque fictive. J\u2019ai \u00e9galement explor\u00e9 l\u2019architecture en r\u00e9alisant des mod\u00e8les 3D et en imaginant des espaces \u00e0 la fois modernes et fonctionnels. Ces projets m\u2019ont permis de d\u00e9velopper un esprit critique et une polyvalence que je consid\u00e8re essentiels dans le domaine du design.<\/p>\n\n\n\n<p>Je suis impatiente de continuer \u00e0 apprendre, \u00e0 m\u2019enrichir de nouvelles exp\u00e9riences et \u00e0 affiner mon portfolio, tout en restant fid\u00e8le \u00e0 ma vision artistique et \u00e0 ma qu\u00eate de cr\u00e9ation.<\/p>\n\n\n\n<hr class=\"wp-block-separator has-alpha-channel-opacity\" \/>\n<\/div>\n<\/div>\n\n\n\n<p class=\"has-text-align-center has-xx-large-font-size\" style=\"text-decoration:underline\">Seconde STD2A<\/p>\n\n\n\n<p><\/p>\n\n\n\n<div class=\"wp-block-group alignfull is-style-section-1 has-global-padding is-layout-constrained wp-block-group-is-layout-constrained is-style-section-1--1\" style=\"margin-top:0;margin-bottom:0;padding-top:var(--wp--preset--spacing--80);padding-bottom:var(--wp--preset--spacing--80)\">\n<div class=\"wp-block-columns alignwide is-layout-flex wp-container-core-columns-is-layout-66fad18a wp-block-columns-is-layout-flex\">\n<div class=\"wp-block-column is-layout-flow wp-block-column-is-layout-flow\" style=\"padding-right:var(--wp--preset--spacing--50);flex-basis:45%\">\n<figure class=\"wp-block-image alignright size-full is-resized\"><img loading=\"lazy\" decoding=\"async\" width=\"1707\" height=\"2560\" src=\"https:\/\/eleves.escl.fr\/wp2\/y2026\/wp-content\/uploads\/sites\/17\/2025\/05\/IMG_0621-edited-scaled.jpeg\" alt=\"\" class=\"wp-image-135\" style=\"width:290px;height:auto\" srcset=\"https:\/\/eleves.escl.fr\/wp2\/y2026\/wp-content\/uploads\/sites\/17\/2025\/05\/IMG_0621-edited-scaled.jpeg 1707w, https:\/\/eleves.escl.fr\/wp2\/y2026\/wp-content\/uploads\/sites\/17\/2025\/05\/IMG_0621-edited-200x300.jpeg 200w, https:\/\/eleves.escl.fr\/wp2\/y2026\/wp-content\/uploads\/sites\/17\/2025\/05\/IMG_0621-edited-683x1024.jpeg 683w, https:\/\/eleves.escl.fr\/wp2\/y2026\/wp-content\/uploads\/sites\/17\/2025\/05\/IMG_0621-edited-768x1152.jpeg 768w, https:\/\/eleves.escl.fr\/wp2\/y2026\/wp-content\/uploads\/sites\/17\/2025\/05\/IMG_0621-edited-1024x1536.jpeg 1024w, https:\/\/eleves.escl.fr\/wp2\/y2026\/wp-content\/uploads\/sites\/17\/2025\/05\/IMG_0621-edited-1365x2048.jpeg 1365w\" sizes=\"auto, (max-width: 1707px) 100vw, 1707px\" \/><\/figure>\n\n\n\n<div class=\"wp-block-group has-global-padding is-layout-constrained wp-block-group-is-layout-constrained\" style=\"margin-top:-12vw\">\n<figure class=\"wp-block-image alignright size-full is-resized\" style=\"margin-right:-5vw;margin-left:-5vw\"><img loading=\"lazy\" decoding=\"async\" width=\"2560\" height=\"1920\" src=\"https:\/\/eleves.escl.fr\/wp2\/y2026\/wp-content\/uploads\/sites\/17\/2025\/05\/IMG_0622-edited-1-scaled.jpeg\" alt=\"\" class=\"wp-image-127\" srcset=\"https:\/\/eleves.escl.fr\/wp2\/y2026\/wp-content\/uploads\/sites\/17\/2025\/05\/IMG_0622-edited-1-scaled.jpeg 2560w, https:\/\/eleves.escl.fr\/wp2\/y2026\/wp-content\/uploads\/sites\/17\/2025\/05\/IMG_0622-edited-1-300x225.jpeg 300w, https:\/\/eleves.escl.fr\/wp2\/y2026\/wp-content\/uploads\/sites\/17\/2025\/05\/IMG_0622-edited-1-1024x768.jpeg 1024w, https:\/\/eleves.escl.fr\/wp2\/y2026\/wp-content\/uploads\/sites\/17\/2025\/05\/IMG_0622-edited-1-768x576.jpeg 768w, https:\/\/eleves.escl.fr\/wp2\/y2026\/wp-content\/uploads\/sites\/17\/2025\/05\/IMG_0622-edited-1-1536x1152.jpeg 1536w, https:\/\/eleves.escl.fr\/wp2\/y2026\/wp-content\/uploads\/sites\/17\/2025\/05\/IMG_0622-edited-1-2048x1536.jpeg 2048w\" sizes=\"auto, (max-width: 2560px) 100vw, 2560px\" \/><\/figure>\n<\/div>\n<\/div>\n\n\n\n<div class=\"wp-block-column is-vertically-aligned-center is-layout-flow wp-block-column-is-layout-flow\" style=\"padding-right:0;padding-left:0;flex-basis:50%\">\n<p class=\"is-style-text-subtitle has-x-large-font-size is-style-text-subtitle--2\"><strong>Voici un de mes projets r\u00e9alis\u00e9 en second, qui \u00e9tait de r\u00e9nover une fa\u00e7ade d&rsquo;une ancienne grange. J&rsquo;ai d\u00e9cide d&rsquo;ajouter des ouverture pour ajour\u00e9 d&rsquo;avantage l&rsquo;int\u00e9rieur d\u2019o\u00f9 le titre<\/strong>.<\/p>\n<\/div>\n<\/div>\n<\/div>\n\n\n\n<p><\/p>\n\n\n\n<p class=\"has-text-align-center has-xx-large-font-size\" style=\"text-decoration:underline\">Premiere STD2A<\/p>\n\n\n\n<p class=\"has-large-font-size\">Nous avons aussi cr\u00e9e un site internete en SNT voici si dessous le lien: <a href=\"https:\/\/eleves.escl.fr\/wp2\/monde\/\">les chiens du monde<\/a><\/p>\n\n\n\n<p><\/p>\n","protected":false},"excerpt":{"rendered":"<p>Book 2026\/2027 Je m&rsquo;appelle Lola salles , j&rsquo;ai 16ans et je suis passionn\u00e9e par l&rsquo;art sous toutes ses formes.Ce book refl\u00e8te mon univers,mes inspiration et mon envie d&rsquo;int\u00e9grer une \u00e9cole ou je pourrai d\u00e9velopper ma cr\u00e9ativit\u00e9, apprendre, exp\u00e9rimenter et affiner ma sensibilit\u00e9 artistique. Mon parcours en STD2A est pour moi l\u2019occasion de repousser mes limites, [&hellip;]<\/p>\n","protected":false},"author":25,"featured_media":0,"parent":0,"menu_order":0,"comment_status":"closed","ping_status":"closed","template":"","meta":{"footnotes":""},"class_list":["post-42","page","type-page","status-publish","hentry"],"_links":{"self":[{"href":"https:\/\/eleves.escl.fr\/wp2\/y2026\/wp-json\/wp\/v2\/pages\/42","targetHints":{"allow":["GET"]}}],"collection":[{"href":"https:\/\/eleves.escl.fr\/wp2\/y2026\/wp-json\/wp\/v2\/pages"}],"about":[{"href":"https:\/\/eleves.escl.fr\/wp2\/y2026\/wp-json\/wp\/v2\/types\/page"}],"author":[{"embeddable":true,"href":"https:\/\/eleves.escl.fr\/wp2\/y2026\/wp-json\/wp\/v2\/users\/25"}],"replies":[{"embeddable":true,"href":"https:\/\/eleves.escl.fr\/wp2\/y2026\/wp-json\/wp\/v2\/comments?post=42"}],"version-history":[{"count":3,"href":"https:\/\/eleves.escl.fr\/wp2\/y2026\/wp-json\/wp\/v2\/pages\/42\/revisions"}],"predecessor-version":[{"id":136,"href":"https:\/\/eleves.escl.fr\/wp2\/y2026\/wp-json\/wp\/v2\/pages\/42\/revisions\/136"}],"wp:attachment":[{"href":"https:\/\/eleves.escl.fr\/wp2\/y2026\/wp-json\/wp\/v2\/media?parent=42"}],"curies":[{"name":"wp","href":"https:\/\/api.w.org\/{rel}","templated":true}]}}