{"id":47,"date":"2025-05-06T13:51:34","date_gmt":"2025-05-06T11:51:34","guid":{"rendered":"https:\/\/eleves.escl.fr\/wp2\/y2026\/?page_id=47"},"modified":"2025-05-26T20:55:29","modified_gmt":"2025-05-26T18:55:29","slug":"reocreux-cloe","status":"publish","type":"page","link":"https:\/\/eleves.escl.fr\/wp2\/y2026\/reocreux-cloe\/","title":{"rendered":"REOCREUX Clo\u00e9"},"content":{"rendered":"\n<div class=\"wp-block-group alignfull is-layout-flow wp-container-core-group-is-layout-f9cb6abc wp-block-group-is-layout-flow\" style=\"margin-top:0;margin-bottom:0\">\n<div class=\"wp-block-columns alignfull is-not-stacked-on-mobile is-layout-flex wp-container-core-columns-is-layout-e154fb6a wp-block-columns-is-layout-flex\" style=\"margin-top:0;margin-bottom:0;padding-top:var(--wp--preset--spacing--40);padding-right:var(--wp--preset--spacing--40);padding-bottom:var(--wp--preset--spacing--80);padding-left:var(--wp--preset--spacing--40)\">\n<div class=\"wp-block-column is-layout-flow wp-block-column-is-layout-flow\" style=\"flex-basis:66.66%\">\n<div class=\"wp-block-group is-vertical is-content-justification-stretch is-layout-flex wp-container-core-group-is-layout-7e003bba wp-block-group-is-layout-flex\">\n<h2 class=\"wp-block-heading has-xx-large-font-size\">Mon Book<\/h2>\n\n\n\n<p class=\"has-large-font-size\">Je m&rsquo;appelle R\u00e9ocreux Clo\u00e9, je suis actuellement en classe de premi\u00e8re en STD2A au lyc\u00e9e St Pierre St Paul \u00e0 Langogne, et je suis passionn\u00e9e par l&rsquo;art depuis plusieurs ann\u00e9es. \u00c0 travers mes dessins, peintures, photos, etc, j\u2019aime exprimer ce que je ressens, ce que je vois autour de moi, ou simplement ce qui m\u2019inspire.<\/p>\n\n\n\n<p>Ce book regroupe plusieurs de mes cr\u00e9ations personnelles et fait en classe. C\u2019est une mani\u00e8re pour moi de montrer mon univers, mes id\u00e9es, mes essais, et aussi mes progr\u00e8s. Je prends plaisir \u00e0 exp\u00e9rimenter diff\u00e9rentes techniques et \u00e0 chercher mon propre style.<\/p>\n\n\n\n<p class=\"has-large-font-size\">J\u2019esp\u00e8re que vous prendrez autant de plaisir \u00e0 d\u00e9couvrir mon travail que j\u2019en ai eu \u00e0 le r\u00e9aliser.<\/p>\n\n\n\n<figure class=\"wp-block-image size-large\"><img loading=\"lazy\" decoding=\"async\" width=\"1024\" height=\"576\" src=\"https:\/\/eleves.escl.fr\/wp2\/y2026\/wp-content\/uploads\/sites\/17\/2025\/05\/20250117_114537-1024x576.jpg\" alt=\"\" class=\"wp-image-412\" srcset=\"https:\/\/eleves.escl.fr\/wp2\/y2026\/wp-content\/uploads\/sites\/17\/2025\/05\/20250117_114537-1024x576.jpg 1024w, https:\/\/eleves.escl.fr\/wp2\/y2026\/wp-content\/uploads\/sites\/17\/2025\/05\/20250117_114537-300x169.jpg 300w, https:\/\/eleves.escl.fr\/wp2\/y2026\/wp-content\/uploads\/sites\/17\/2025\/05\/20250117_114537-768x432.jpg 768w, https:\/\/eleves.escl.fr\/wp2\/y2026\/wp-content\/uploads\/sites\/17\/2025\/05\/20250117_114537-1536x864.jpg 1536w, https:\/\/eleves.escl.fr\/wp2\/y2026\/wp-content\/uploads\/sites\/17\/2025\/05\/20250117_114537-2048x1152.jpg 2048w\" sizes=\"auto, (max-width: 1024px) 100vw, 1024px\" \/><\/figure>\n\n\n\n<div class=\"wp-block-group is-nowrap is-layout-flex wp-container-core-group-is-layout-6c531013 wp-block-group-is-layout-flex\">\n<figure class=\"wp-block-image size-large\"><img loading=\"lazy\" decoding=\"async\" width=\"1024\" height=\"576\" src=\"https:\/\/eleves.escl.fr\/wp2\/y2026\/wp-content\/uploads\/sites\/17\/2025\/05\/20250121_111302-1024x576.jpg\" alt=\"\" class=\"wp-image-413\" srcset=\"https:\/\/eleves.escl.fr\/wp2\/y2026\/wp-content\/uploads\/sites\/17\/2025\/05\/20250121_111302-1024x576.jpg 1024w, https:\/\/eleves.escl.fr\/wp2\/y2026\/wp-content\/uploads\/sites\/17\/2025\/05\/20250121_111302-300x169.jpg 300w, https:\/\/eleves.escl.fr\/wp2\/y2026\/wp-content\/uploads\/sites\/17\/2025\/05\/20250121_111302-768x432.jpg 768w, https:\/\/eleves.escl.fr\/wp2\/y2026\/wp-content\/uploads\/sites\/17\/2025\/05\/20250121_111302-1536x864.jpg 1536w, https:\/\/eleves.escl.fr\/wp2\/y2026\/wp-content\/uploads\/sites\/17\/2025\/05\/20250121_111302-2048x1152.jpg 2048w\" sizes=\"auto, (max-width: 1024px) 100vw, 1024px\" \/><\/figure>\n\n\n\n<div style=\"height:0px\" aria-hidden=\"true\" class=\"wp-block-spacer wp-container-content-36c51660\"><\/div>\n<\/div>\n<\/div>\n<\/div>\n\n\n\n<div class=\"wp-block-column is-layout-flow wp-block-column-is-layout-flow\" style=\"flex-basis:12vw\"><\/div>\n\n\n\n<div class=\"wp-block-column is-layout-flow wp-block-column-is-layout-flow\"><\/div>\n<\/div>\n\n\n\n<p>En cours de outils et langages num\u00e9rique nous avons r\u00e9alis\u00e9 un un projet pour nous entrainer \u00e0 mettre en place un site internette:<\/p>\n<\/div>\n\n\n\n<div class=\"wp-block-buttons is-layout-flex wp-block-buttons-is-layout-flex\">\n<div class=\"wp-block-button\"><a class=\"wp-block-button__link wp-element-button\" href=\"https:\/\/eleves.escl.fr\/wp2\/dressup\/\">Dress&rsquo;up<\/a><\/div>\n<\/div>\n\n\n\n<p><\/p>\n","protected":false},"excerpt":{"rendered":"<p>Mon Book Je m&rsquo;appelle R\u00e9ocreux Clo\u00e9, je suis actuellement en classe de premi\u00e8re en STD2A au lyc\u00e9e St Pierre St Paul \u00e0 Langogne, et je suis passionn\u00e9e par l&rsquo;art depuis plusieurs ann\u00e9es. \u00c0 travers mes dessins, peintures, photos, etc, j\u2019aime exprimer ce que je ressens, ce que je vois autour de moi, ou simplement ce [&hellip;]<\/p>\n","protected":false},"author":16,"featured_media":0,"parent":0,"menu_order":0,"comment_status":"closed","ping_status":"closed","template":"","meta":{"footnotes":""},"class_list":["post-47","page","type-page","status-publish","hentry"],"_links":{"self":[{"href":"https:\/\/eleves.escl.fr\/wp2\/y2026\/wp-json\/wp\/v2\/pages\/47","targetHints":{"allow":["GET"]}}],"collection":[{"href":"https:\/\/eleves.escl.fr\/wp2\/y2026\/wp-json\/wp\/v2\/pages"}],"about":[{"href":"https:\/\/eleves.escl.fr\/wp2\/y2026\/wp-json\/wp\/v2\/types\/page"}],"author":[{"embeddable":true,"href":"https:\/\/eleves.escl.fr\/wp2\/y2026\/wp-json\/wp\/v2\/users\/16"}],"replies":[{"embeddable":true,"href":"https:\/\/eleves.escl.fr\/wp2\/y2026\/wp-json\/wp\/v2\/comments?post=47"}],"version-history":[{"count":15,"href":"https:\/\/eleves.escl.fr\/wp2\/y2026\/wp-json\/wp\/v2\/pages\/47\/revisions"}],"predecessor-version":[{"id":418,"href":"https:\/\/eleves.escl.fr\/wp2\/y2026\/wp-json\/wp\/v2\/pages\/47\/revisions\/418"}],"wp:attachment":[{"href":"https:\/\/eleves.escl.fr\/wp2\/y2026\/wp-json\/wp\/v2\/media?parent=47"}],"curies":[{"name":"wp","href":"https:\/\/api.w.org\/{rel}","templated":true}]}}