{"id":48,"date":"2025-05-06T13:50:22","date_gmt":"2025-05-06T11:50:22","guid":{"rendered":"https:\/\/eleves.escl.fr\/wp2\/y2026\/?page_id=48"},"modified":"2025-05-20T14:53:30","modified_gmt":"2025-05-20T12:53:30","slug":"verots-lili","status":"publish","type":"page","link":"https:\/\/eleves.escl.fr\/wp2\/y2026\/verots-lili\/","title":{"rendered":"VEROTS Lili"},"content":{"rendered":"\n<p class=\"has-x-large-font-size\">                                   BOOK <\/p>\n\n\n\n<p>Bonjour je m&rsquo;appelle VEROTS Lili j&rsquo;ai actuellement 18 ans , j&rsquo;ai r\u00e9aliser un cursus de 3 ans std2a . Me voici ici a me  pr\u00e9senter dans des \u00e9coles pour devenir architecte d&rsquo;int\u00e9rieur  .<\/p>\n\n\n\n<p>Je vie pour mes passion, pare la cr\u00e9ativit\u00e9 , le dessin , et tout se qui touche a la fabrication manuelle . j&rsquo;aime donner vie a mes id\u00e9es a travers des croquis ,des maquette ou encore des objets r\u00e9alis\u00e9s a la mains , de manipuler les mat\u00e9riau , et de voir un projet \u00e9voluer .<\/p>\n\n\n\n<p>la fili\u00e8re STD2A me permet de d\u00e9velopper mes comp\u00e9tences technique , d&rsquo;apprendre a structurer mes id\u00e9es et a enrichir ma d\u00e9marche cr\u00e9ative j&rsquo;y d\u00e9couvre aussi diff\u00e9rentes approches du design , de la communication visuelle a l\u2019espace ,en passant par le produit de la mode . Mon objectif est de continuer a \u00e9voluer dans se domaine ou la cr\u00e9ativit\u00e9 est au coeur de tout.<\/p>\n\n\n\n<p>je vais vous pr\u00e9senter quelque projet qu&rsquo;il me semble inversant de vous partagez .   <\/p>\n\n\n\n<p><\/p>\n\n\n\n<p class=\"has-medium-font-size\"><a href=\"https:\/\/eleves.escl.fr\/wp2\/styles\/\">VOICI MON SITE DE PREMIER STD2A <\/a><\/p>\n\n\n\n<p><\/p>\n\n\n\n<p><\/p>\n\n\n\n<p><\/p>\n\n\n\n<p><\/p>\n\n\n\n<p><\/p>\n\n\n\n<p><\/p>\n\n\n\n<p><\/p>\n\n\n\n<p><\/p>\n","protected":false},"excerpt":{"rendered":"<p>BOOK Bonjour je m&rsquo;appelle VEROTS Lili j&rsquo;ai actuellement 18 ans , j&rsquo;ai r\u00e9aliser un cursus de 3 ans std2a . Me voici ici a me pr\u00e9senter dans des \u00e9coles pour devenir architecte d&rsquo;int\u00e9rieur . Je vie pour mes passion, pare la cr\u00e9ativit\u00e9 , le dessin , et tout se qui touche a la fabrication manuelle [&hellip;]<\/p>\n","protected":false},"author":20,"featured_media":0,"parent":0,"menu_order":0,"comment_status":"closed","ping_status":"closed","template":"","meta":{"footnotes":""},"class_list":["post-48","page","type-page","status-publish","hentry"],"_links":{"self":[{"href":"https:\/\/eleves.escl.fr\/wp2\/y2026\/wp-json\/wp\/v2\/pages\/48","targetHints":{"allow":["GET"]}}],"collection":[{"href":"https:\/\/eleves.escl.fr\/wp2\/y2026\/wp-json\/wp\/v2\/pages"}],"about":[{"href":"https:\/\/eleves.escl.fr\/wp2\/y2026\/wp-json\/wp\/v2\/types\/page"}],"author":[{"embeddable":true,"href":"https:\/\/eleves.escl.fr\/wp2\/y2026\/wp-json\/wp\/v2\/users\/20"}],"replies":[{"embeddable":true,"href":"https:\/\/eleves.escl.fr\/wp2\/y2026\/wp-json\/wp\/v2\/comments?post=48"}],"version-history":[{"count":10,"href":"https:\/\/eleves.escl.fr\/wp2\/y2026\/wp-json\/wp\/v2\/pages\/48\/revisions"}],"predecessor-version":[{"id":375,"href":"https:\/\/eleves.escl.fr\/wp2\/y2026\/wp-json\/wp\/v2\/pages\/48\/revisions\/375"}],"wp:attachment":[{"href":"https:\/\/eleves.escl.fr\/wp2\/y2026\/wp-json\/wp\/v2\/media?parent=48"}],"curies":[{"name":"wp","href":"https:\/\/api.w.org\/{rel}","templated":true}]}}