{"id":49,"date":"2025-05-06T13:50:40","date_gmt":"2025-05-06T11:50:40","guid":{"rendered":"https:\/\/eleves.escl.fr\/wp2\/y2026\/?page_id=49"},"modified":"2025-05-20T14:51:16","modified_gmt":"2025-05-20T12:51:16","slug":"marecal-lana","status":"publish","type":"page","link":"https:\/\/eleves.escl.fr\/wp2\/y2026\/marecal-lana\/","title":{"rendered":"MARECAL Lana"},"content":{"rendered":"\n<div class=\"wp-block-group alignfull is-style-section-2 has-global-padding is-layout-constrained wp-block-group-is-layout-constrained is-style-section-2--1\" style=\"margin-top:0;margin-bottom:0;padding-top:var(--wp--preset--spacing--60);padding-bottom:var(--wp--preset--spacing--60)\">\n<div class=\"wp-block-columns alignwide is-layout-flex wp-container-core-columns-is-layout-643ced6b wp-block-columns-is-layout-flex\">\n<div class=\"wp-block-column is-vertically-aligned-center is-layout-flow wp-container-core-column-is-layout-119bc444 wp-block-column-is-layout-flow\" style=\"flex-basis:60%\">\n<p><strong>PORTEFOLIO<\/strong><\/p>\n\n\n\n<p>Je m&rsquo;appelle Lana Mar\u00e9cal, je suis \u00e9tudiante en STD2A, science technologique du design et des arts appliqu\u00e9. Ici ce trouve mon Book qui me sert comme vitrine pour acqu\u00e9rir une grand \u00e9cole, ou un futur m\u00e9tier. Dans le cadre de mon me ann\u00e9e de premi\u00e8re, dans la mati\u00e8re outil et langage num\u00e9rique j&rsquo;ai cr\u00e9e un site internet avec une camarade de classe, le voici : <a href=\"https:\/\/eleves.escl.fr\/wp2\/hayday\/\">Hay Day<\/a><\/p>\n<\/div>\n<\/div>\n<\/div>\n\n\n\n<div class=\"wp-block-group alignfull is-style-section-5 has-global-padding is-layout-constrained wp-block-group-is-layout-constrained is-style-section-5--2\" style=\"margin-top:0;margin-bottom:0;padding-top:var(--wp--preset--spacing--50);padding-bottom:var(--wp--preset--spacing--50)\">\n<div class=\"wp-block-columns is-layout-flex wp-container-core-columns-is-layout-28f84493 wp-block-columns-is-layout-flex\">\n<div class=\"wp-block-column is-layout-flow wp-block-column-is-layout-flow\">\n<figure class=\"wp-block-gallery has-nested-images columns-default is-cropped wp-block-gallery-3 is-layout-flex wp-block-gallery-is-layout-flex\">\n<figure class=\"wp-block-image size-large\"><img loading=\"lazy\" decoding=\"async\" width=\"768\" height=\"1024\" data-id=\"354\" src=\"https:\/\/eleves.escl.fr\/wp2\/y2026\/wp-content\/uploads\/sites\/17\/2025\/05\/1505B4CA-11D5-4555-857F-0B002126295B-1-768x1024.jpeg\" alt=\"\" class=\"wp-image-354\" srcset=\"https:\/\/eleves.escl.fr\/wp2\/y2026\/wp-content\/uploads\/sites\/17\/2025\/05\/1505B4CA-11D5-4555-857F-0B002126295B-1-768x1024.jpeg 768w, https:\/\/eleves.escl.fr\/wp2\/y2026\/wp-content\/uploads\/sites\/17\/2025\/05\/1505B4CA-11D5-4555-857F-0B002126295B-1-225x300.jpeg 225w, https:\/\/eleves.escl.fr\/wp2\/y2026\/wp-content\/uploads\/sites\/17\/2025\/05\/1505B4CA-11D5-4555-857F-0B002126295B-1-1152x1536.jpeg 1152w, https:\/\/eleves.escl.fr\/wp2\/y2026\/wp-content\/uploads\/sites\/17\/2025\/05\/1505B4CA-11D5-4555-857F-0B002126295B-1-1536x2048.jpeg 1536w, https:\/\/eleves.escl.fr\/wp2\/y2026\/wp-content\/uploads\/sites\/17\/2025\/05\/1505B4CA-11D5-4555-857F-0B002126295B-1-scaled.jpeg 1920w\" sizes=\"auto, (max-width: 768px) 100vw, 768px\" \/><\/figure>\n<\/figure>\n<\/div>\n\n\n\n<div class=\"wp-block-column is-layout-flow wp-block-column-is-layout-flow\">\n<figure class=\"wp-block-image size-large\"><img loading=\"lazy\" decoding=\"async\" width=\"768\" height=\"1024\" src=\"https:\/\/eleves.escl.fr\/wp2\/y2026\/wp-content\/uploads\/sites\/17\/2025\/05\/2EB769A4-9198-4169-91EB-9EBDEC6CE86B-3-768x1024.jpeg\" alt=\"\" class=\"wp-image-372\" srcset=\"https:\/\/eleves.escl.fr\/wp2\/y2026\/wp-content\/uploads\/sites\/17\/2025\/05\/2EB769A4-9198-4169-91EB-9EBDEC6CE86B-3-768x1024.jpeg 768w, https:\/\/eleves.escl.fr\/wp2\/y2026\/wp-content\/uploads\/sites\/17\/2025\/05\/2EB769A4-9198-4169-91EB-9EBDEC6CE86B-3-225x300.jpeg 225w, https:\/\/eleves.escl.fr\/wp2\/y2026\/wp-content\/uploads\/sites\/17\/2025\/05\/2EB769A4-9198-4169-91EB-9EBDEC6CE86B-3-1152x1536.jpeg 1152w, https:\/\/eleves.escl.fr\/wp2\/y2026\/wp-content\/uploads\/sites\/17\/2025\/05\/2EB769A4-9198-4169-91EB-9EBDEC6CE86B-3-1536x2048.jpeg 1536w, https:\/\/eleves.escl.fr\/wp2\/y2026\/wp-content\/uploads\/sites\/17\/2025\/05\/2EB769A4-9198-4169-91EB-9EBDEC6CE86B-3-scaled.jpeg 1920w\" sizes=\"auto, (max-width: 768px) 100vw, 768px\" \/><\/figure>\n<\/div>\n<\/div>\n<\/div>\n\n\n\n<aside class=\"wp-block-group alignfull is-style-section-3 has-global-padding is-layout-constrained wp-container-core-group-is-layout-f0f2a97b wp-block-group-is-layout-constrained is-style-section-3--4\" style=\"margin-top:0;margin-bottom:0;padding-top:var(--wp--preset--spacing--50);padding-right:var(--wp--preset--spacing--50);padding-bottom:var(--wp--preset--spacing--50);padding-left:var(--wp--preset--spacing--50)\">\n<div class=\"wp-block-columns is-layout-flex wp-container-core-columns-is-layout-28f84493 wp-block-columns-is-layout-flex\">\n<div class=\"wp-block-column is-layout-flow wp-block-column-is-layout-flow\">\n<figure class=\"wp-block-image size-large\"><img loading=\"lazy\" decoding=\"async\" width=\"826\" height=\"1024\" src=\"https:\/\/eleves.escl.fr\/wp2\/y2026\/wp-content\/uploads\/sites\/17\/2025\/05\/A770E35C-FBF9-4355-80B7-B929875B3AA3-1-826x1024.jpeg\" alt=\"\" class=\"wp-image-360\" srcset=\"https:\/\/eleves.escl.fr\/wp2\/y2026\/wp-content\/uploads\/sites\/17\/2025\/05\/A770E35C-FBF9-4355-80B7-B929875B3AA3-1-826x1024.jpeg 826w, https:\/\/eleves.escl.fr\/wp2\/y2026\/wp-content\/uploads\/sites\/17\/2025\/05\/A770E35C-FBF9-4355-80B7-B929875B3AA3-1-242x300.jpeg 242w, https:\/\/eleves.escl.fr\/wp2\/y2026\/wp-content\/uploads\/sites\/17\/2025\/05\/A770E35C-FBF9-4355-80B7-B929875B3AA3-1-768x953.jpeg 768w, https:\/\/eleves.escl.fr\/wp2\/y2026\/wp-content\/uploads\/sites\/17\/2025\/05\/A770E35C-FBF9-4355-80B7-B929875B3AA3-1-1238x1536.jpeg 1238w, https:\/\/eleves.escl.fr\/wp2\/y2026\/wp-content\/uploads\/sites\/17\/2025\/05\/A770E35C-FBF9-4355-80B7-B929875B3AA3-1-1651x2048.jpeg 1651w\" sizes=\"auto, (max-width: 826px) 100vw, 826px\" \/><\/figure>\n<\/div>\n\n\n\n<div class=\"wp-block-column is-layout-flow wp-block-column-is-layout-flow\">\n<figure class=\"wp-block-image size-large\"><img loading=\"lazy\" decoding=\"async\" width=\"768\" height=\"1024\" src=\"https:\/\/eleves.escl.fr\/wp2\/y2026\/wp-content\/uploads\/sites\/17\/2025\/05\/9C1E9BEE-B302-40E3-B748-A98925AEA84F-3-768x1024.jpeg\" alt=\"\" class=\"wp-image-364\" srcset=\"https:\/\/eleves.escl.fr\/wp2\/y2026\/wp-content\/uploads\/sites\/17\/2025\/05\/9C1E9BEE-B302-40E3-B748-A98925AEA84F-3-768x1024.jpeg 768w, https:\/\/eleves.escl.fr\/wp2\/y2026\/wp-content\/uploads\/sites\/17\/2025\/05\/9C1E9BEE-B302-40E3-B748-A98925AEA84F-3-225x300.jpeg 225w, https:\/\/eleves.escl.fr\/wp2\/y2026\/wp-content\/uploads\/sites\/17\/2025\/05\/9C1E9BEE-B302-40E3-B748-A98925AEA84F-3-1152x1536.jpeg 1152w, https:\/\/eleves.escl.fr\/wp2\/y2026\/wp-content\/uploads\/sites\/17\/2025\/05\/9C1E9BEE-B302-40E3-B748-A98925AEA84F-3-1536x2048.jpeg 1536w, https:\/\/eleves.escl.fr\/wp2\/y2026\/wp-content\/uploads\/sites\/17\/2025\/05\/9C1E9BEE-B302-40E3-B748-A98925AEA84F-3-scaled.jpeg 1920w\" sizes=\"auto, (max-width: 768px) 100vw, 768px\" \/><\/figure>\n<\/div>\n<\/div>\n<\/aside>\n","protected":false},"excerpt":{"rendered":"<p>PORTEFOLIO Je m&rsquo;appelle Lana Mar\u00e9cal, je suis \u00e9tudiante en STD2A, science technologique du design et des arts appliqu\u00e9. Ici ce trouve mon Book qui me sert comme vitrine pour acqu\u00e9rir une grand \u00e9cole, ou un futur m\u00e9tier. Dans le cadre de mon me ann\u00e9e de premi\u00e8re, dans la mati\u00e8re outil et langage num\u00e9rique j&rsquo;ai cr\u00e9e [&hellip;]<\/p>\n","protected":false},"author":26,"featured_media":0,"parent":0,"menu_order":0,"comment_status":"closed","ping_status":"closed","template":"","meta":{"footnotes":""},"class_list":["post-49","page","type-page","status-publish","hentry"],"_links":{"self":[{"href":"https:\/\/eleves.escl.fr\/wp2\/y2026\/wp-json\/wp\/v2\/pages\/49","targetHints":{"allow":["GET"]}}],"collection":[{"href":"https:\/\/eleves.escl.fr\/wp2\/y2026\/wp-json\/wp\/v2\/pages"}],"about":[{"href":"https:\/\/eleves.escl.fr\/wp2\/y2026\/wp-json\/wp\/v2\/types\/page"}],"author":[{"embeddable":true,"href":"https:\/\/eleves.escl.fr\/wp2\/y2026\/wp-json\/wp\/v2\/users\/26"}],"replies":[{"embeddable":true,"href":"https:\/\/eleves.escl.fr\/wp2\/y2026\/wp-json\/wp\/v2\/comments?post=49"}],"version-history":[{"count":8,"href":"https:\/\/eleves.escl.fr\/wp2\/y2026\/wp-json\/wp\/v2\/pages\/49\/revisions"}],"predecessor-version":[{"id":374,"href":"https:\/\/eleves.escl.fr\/wp2\/y2026\/wp-json\/wp\/v2\/pages\/49\/revisions\/374"}],"wp:attachment":[{"href":"https:\/\/eleves.escl.fr\/wp2\/y2026\/wp-json\/wp\/v2\/media?parent=49"}],"curies":[{"name":"wp","href":"https:\/\/api.w.org\/{rel}","templated":true}]}}