{"id":110,"date":"2026-04-07T15:10:00","date_gmt":"2026-04-07T13:10:00","guid":{"rendered":"https:\/\/eleves.escl.fr\/wp2\/y2027\/?page_id=110"},"modified":"2026-04-07T15:10:00","modified_gmt":"2026-04-07T13:10:00","slug":"raphaneau-manoe","status":"publish","type":"page","link":"https:\/\/eleves.escl.fr\/wp2\/y2027\/raphaneau-manoe\/","title":{"rendered":"RAPHANEAU Mano\u00e9"},"content":{"rendered":"\n<p class=\"has-large-font-size\">bonjours je m\u2019appelle Mano\u00e9 je suis en classe de premi\u00e8re std2a et j&rsquo;aimerais \u00eatre graphiste mais je suis \u00e9galement int\u00e9ress\u00e9 par l\u2019illustration. Je suis admiratif du style des DNmade graphisme et j\u2019aimerais d\u00e9velopper ma cr\u00e9ativit\u00e9 et ma r\u00e9flexion afin d\u2019\u00eatre toujours plus pertinent dans le travail qui va de l\u2019id\u00e9e a la r\u00e9alisation.<\/p>\n\n\n\n<p class=\"has-large-font-size\">Je n\u2019implique grandement dans la profondeur de r\u00e9flexion et je cherche avant tout a retranscrire un maximum d\u2019intention avec un style minimaliste mais complet en communiquent et en expriment avec mes dessin car il resteront toujours plus parlant que des mots <\/p>\n\n\n\n<p class=\"has-large-font-size\">je cherche avant tout a \u00e9mouvoir a travers mes projet cr\u00e9er une ambiance unique refl\u00e8tent l\u2019\u00e9tat d\u2019esprit que le projet m\u2019\u00e9voque. pour cela je vais soit dans la surcharge d\u2019information et de couleurs soit dans les ligne simple en privil\u00e9gient les contraste simple et le vide. chacun de mes projets n\u00e9e d&rsquo;une r\u00e9elle envie de partag\u00e9  <\/p>\n","protected":false},"excerpt":{"rendered":"<p>bonjours je m\u2019appelle Mano\u00e9 je suis en classe de premi\u00e8re std2a et j&rsquo;aimerais \u00eatre graphiste mais je suis \u00e9galement int\u00e9ress\u00e9 par l\u2019illustration. Je suis admiratif du style des DNmade graphisme et j\u2019aimerais d\u00e9velopper ma cr\u00e9ativit\u00e9 et ma r\u00e9flexion afin d\u2019\u00eatre toujours plus pertinent dans le travail qui va de l\u2019id\u00e9e a la r\u00e9alisation. Je n\u2019implique [&hellip;]<\/p>\n","protected":false},"author":51,"featured_media":0,"parent":0,"menu_order":0,"comment_status":"closed","ping_status":"closed","template":"","meta":{"footnotes":""},"class_list":["post-110","page","type-page","status-publish","hentry"],"_links":{"self":[{"href":"https:\/\/eleves.escl.fr\/wp2\/y2027\/wp-json\/wp\/v2\/pages\/110","targetHints":{"allow":["GET"]}}],"collection":[{"href":"https:\/\/eleves.escl.fr\/wp2\/y2027\/wp-json\/wp\/v2\/pages"}],"about":[{"href":"https:\/\/eleves.escl.fr\/wp2\/y2027\/wp-json\/wp\/v2\/types\/page"}],"author":[{"embeddable":true,"href":"https:\/\/eleves.escl.fr\/wp2\/y2027\/wp-json\/wp\/v2\/users\/51"}],"replies":[{"embeddable":true,"href":"https:\/\/eleves.escl.fr\/wp2\/y2027\/wp-json\/wp\/v2\/comments?post=110"}],"version-history":[{"count":1,"href":"https:\/\/eleves.escl.fr\/wp2\/y2027\/wp-json\/wp\/v2\/pages\/110\/revisions"}],"predecessor-version":[{"id":124,"href":"https:\/\/eleves.escl.fr\/wp2\/y2027\/wp-json\/wp\/v2\/pages\/110\/revisions\/124"}],"wp:attachment":[{"href":"https:\/\/eleves.escl.fr\/wp2\/y2027\/wp-json\/wp\/v2\/media?parent=110"}],"curies":[{"name":"wp","href":"https:\/\/api.w.org\/{rel}","templated":true}]}}