{"id":143,"date":"2026-05-05T13:49:10","date_gmt":"2026-05-05T11:49:10","guid":{"rendered":"https:\/\/eleves.escl.fr\/wp2\/y2027\/?page_id=143"},"modified":"2026-05-05T15:02:44","modified_gmt":"2026-05-05T13:02:44","slug":"cerny-romane","status":"publish","type":"page","link":"https:\/\/eleves.escl.fr\/wp2\/y2027\/cerny-romane\/","title":{"rendered":"Cerny Romane"},"content":{"rendered":"\n<div class=\"wp-block-cover\"><span aria-hidden=\"true\" class=\"wp-block-cover__background has-accent-3-background-color has-background-dim-100 has-background-dim\"><\/span><div class=\"wp-block-cover__inner-container has-global-padding is-layout-constrained wp-block-cover-is-layout-constrained\">\n<p class=\"has-text-align-center has-manrope-font-family has-large-font-size\" style=\"font-style:italic;font-weight:700\">Je suis Romane Cerny, \u00e9tudiante en STD2A \u00e0 Langogne en Loz\u00e8re.<\/p>\n<\/div><\/div>\n\n\n\n<p><a href=\"https:\/\/eleves.escl.fr\/wp2\/japanel\/6-book-de-romane-cerny\/\" data-type=\"link\" data-id=\"https:\/\/eleves.escl.fr\/wp2\/japanel\/6-book-de-romane-cerny\/\">Acc\u00e9dez \u00e0 mon site partag\u00e9 ici, avec la page de mon book, page num\u00e9ro 6<\/a><\/p>\n\n\n\n<p><\/p>\n","protected":false},"excerpt":{"rendered":"<p>Acc\u00e9dez \u00e0 mon site partag\u00e9 ici, avec la page de mon book, page num\u00e9ro 6<\/p>\n","protected":false},"author":30,"featured_media":0,"parent":0,"menu_order":0,"comment_status":"closed","ping_status":"closed","template":"","meta":{"footnotes":""},"class_list":["post-143","page","type-page","status-publish","hentry"],"_links":{"self":[{"href":"https:\/\/eleves.escl.fr\/wp2\/y2027\/wp-json\/wp\/v2\/pages\/143","targetHints":{"allow":["GET"]}}],"collection":[{"href":"https:\/\/eleves.escl.fr\/wp2\/y2027\/wp-json\/wp\/v2\/pages"}],"about":[{"href":"https:\/\/eleves.escl.fr\/wp2\/y2027\/wp-json\/wp\/v2\/types\/page"}],"author":[{"embeddable":true,"href":"https:\/\/eleves.escl.fr\/wp2\/y2027\/wp-json\/wp\/v2\/users\/30"}],"replies":[{"embeddable":true,"href":"https:\/\/eleves.escl.fr\/wp2\/y2027\/wp-json\/wp\/v2\/comments?post=143"}],"version-history":[{"count":5,"href":"https:\/\/eleves.escl.fr\/wp2\/y2027\/wp-json\/wp\/v2\/pages\/143\/revisions"}],"predecessor-version":[{"id":214,"href":"https:\/\/eleves.escl.fr\/wp2\/y2027\/wp-json\/wp\/v2\/pages\/143\/revisions\/214"}],"wp:attachment":[{"href":"https:\/\/eleves.escl.fr\/wp2\/y2027\/wp-json\/wp\/v2\/media?parent=143"}],"curies":[{"name":"wp","href":"https:\/\/api.w.org\/{rel}","templated":true}]}}