{"id":149,"date":"2026-05-05T14:24:30","date_gmt":"2026-05-05T12:24:30","guid":{"rendered":"https:\/\/eleves.escl.fr\/wp2\/y2027\/?page_id=149"},"modified":"2026-05-05T15:05:47","modified_gmt":"2026-05-05T13:05:47","slug":"calais-aurelie","status":"publish","type":"page","link":"https:\/\/eleves.escl.fr\/wp2\/y2027\/calais-aurelie\/","title":{"rendered":"Calais Aur\u00e9lie"},"content":{"rendered":"\n<p class=\"is-style-default has-base-background-color has-background has-large-font-size\">Je suis \u00e9l\u00e8ve en  STD2A au lyc\u00e9e St-Pierre St-Paul \u00e0 Langogne. Bien que je ne soit pas s\u00fbre de ce que je veux faire dans le futur j&rsquo;ai tout de m\u00eame quelque id\u00e9es dont : Illustratrice, Animatrice(2d\/3d), charadesign, game art, puis dans ce qui est plus \u00e9loign\u00e9s actrice.<\/p>\n\n\n\n<p>parmi mes travaux j&rsquo;ai pu cr\u00e9er un site en bin\u00f4me, voici le lien pour y acc\u00e9der( page 1,2,3,4)<\/p>\n\n\n\n<p><a href=\"https:\/\/eleves.escl.fr\/wp2\/japanel\/\">Japan&rsquo;Ailes<\/a><\/p>\n\n\n\n<p><a href=\"https:\/\/eleves.escl.fr\/wp2\/japanel\/5-book-de-aurelie-calais\/\">acceder au book(page 5)<\/a><\/p>\n","protected":false},"excerpt":{"rendered":"<p>Je suis \u00e9l\u00e8ve en STD2A au lyc\u00e9e St-Pierre St-Paul \u00e0 Langogne. Bien que je ne soit pas s\u00fbre de ce que je veux faire dans le futur j&rsquo;ai tout de m\u00eame quelque id\u00e9es dont : Illustratrice, Animatrice(2d\/3d), charadesign, game art, puis dans ce qui est plus \u00e9loign\u00e9s actrice. parmi mes travaux j&rsquo;ai pu cr\u00e9er un [&hellip;]<\/p>\n","protected":false},"author":31,"featured_media":0,"parent":0,"menu_order":0,"comment_status":"closed","ping_status":"closed","template":"","meta":{"footnotes":""},"class_list":["post-149","page","type-page","status-publish","hentry"],"_links":{"self":[{"href":"https:\/\/eleves.escl.fr\/wp2\/y2027\/wp-json\/wp\/v2\/pages\/149","targetHints":{"allow":["GET"]}}],"collection":[{"href":"https:\/\/eleves.escl.fr\/wp2\/y2027\/wp-json\/wp\/v2\/pages"}],"about":[{"href":"https:\/\/eleves.escl.fr\/wp2\/y2027\/wp-json\/wp\/v2\/types\/page"}],"author":[{"embeddable":true,"href":"https:\/\/eleves.escl.fr\/wp2\/y2027\/wp-json\/wp\/v2\/users\/31"}],"replies":[{"embeddable":true,"href":"https:\/\/eleves.escl.fr\/wp2\/y2027\/wp-json\/wp\/v2\/comments?post=149"}],"version-history":[{"count":4,"href":"https:\/\/eleves.escl.fr\/wp2\/y2027\/wp-json\/wp\/v2\/pages\/149\/revisions"}],"predecessor-version":[{"id":216,"href":"https:\/\/eleves.escl.fr\/wp2\/y2027\/wp-json\/wp\/v2\/pages\/149\/revisions\/216"}],"wp:attachment":[{"href":"https:\/\/eleves.escl.fr\/wp2\/y2027\/wp-json\/wp\/v2\/media?parent=149"}],"curies":[{"name":"wp","href":"https:\/\/api.w.org\/{rel}","templated":true}]}}