{"id":151,"date":"2026-05-05T14:27:07","date_gmt":"2026-05-05T12:27:07","guid":{"rendered":"https:\/\/eleves.escl.fr\/wp2\/y2027\/?page_id=151"},"modified":"2026-05-05T14:45:25","modified_gmt":"2026-05-05T12:45:25","slug":"farigoule-ninon","status":"publish","type":"page","link":"https:\/\/eleves.escl.fr\/wp2\/y2027\/farigoule-ninon\/","title":{"rendered":"FARIGOULE Ninon"},"content":{"rendered":"\n<div class=\"wp-block-group alignfull is-style-section-3 has-global-padding is-content-justification-center is-layout-constrained wp-block-group-is-layout-constrained is-style-section-3--1\" style=\"margin-top:0;margin-bottom:0;padding-top:var(--wp--preset--spacing--50);padding-bottom:var(--wp--preset--spacing--50)\">\n<div class=\"wp-block-columns alignwide is-layout-flex wp-container-core-columns-is-layout-47c06fe3 wp-block-columns-is-layout-flex\">\n<div class=\"wp-block-column is-vertically-aligned-top is-layout-flow wp-block-column-is-layout-flow\">\n<p style=\"font-size:clamp(44.96px, 2.81rem + ((1vw - 3.2px) * 4.122), 87px);\"><strong>Book<\/strong><\/p>\n\n\n\n<p>Je me nomme Ninon Farigoule, je suis actuellement en fili\u00e8re STD2A. Je suis passionn\u00e9e d&rsquo;art depuis longtemps et j&rsquo;adore essayer de nouvelles choses. J&rsquo;aime cr\u00e9er dans de nombreux domaines comme le dessin, la peinture, la couture et bien d&rsquo;autre encore. Mon projet serait de faire de l&rsquo;animation 2D, cela serait sinc\u00e8rement l&rsquo;un de mes plus grand r\u00eave, et je suis d\u00e9termin\u00e9e a y arriver.<\/p>\n<\/div>\n\n\n\n<div class=\"wp-block-column is-vertically-aligned-top is-layout-flow wp-block-column-is-layout-flow\">\n<figure class=\"wp-block-gallery has-nested-images columns-default is-cropped wp-block-gallery-2 is-layout-flex wp-block-gallery-is-layout-flex\">\n<figure class=\"wp-block-image size-large\"><img loading=\"lazy\" decoding=\"async\" width=\"736\" height=\"552\" data-id=\"197\" src=\"https:\/\/eleves.escl.fr\/wp2\/y2027\/wp-content\/uploads\/sites\/30\/2026\/05\/842a75731fcf18338c592d1958d02233-edited.jpg\" alt=\"\" class=\"wp-image-197\" srcset=\"https:\/\/eleves.escl.fr\/wp2\/y2027\/wp-content\/uploads\/sites\/30\/2026\/05\/842a75731fcf18338c592d1958d02233-edited.jpg 736w, https:\/\/eleves.escl.fr\/wp2\/y2027\/wp-content\/uploads\/sites\/30\/2026\/05\/842a75731fcf18338c592d1958d02233-edited-300x225.jpg 300w\" sizes=\"auto, (max-width: 736px) 100vw, 736px\" \/><\/figure>\n<\/figure>\n<\/div>\n<\/div>\n<\/div>\n","protected":false},"excerpt":{"rendered":"<p>Book Je me nomme Ninon Farigoule, je suis actuellement en fili\u00e8re STD2A. Je suis passionn\u00e9e d&rsquo;art depuis longtemps et j&rsquo;adore essayer de nouvelles choses. J&rsquo;aime cr\u00e9er dans de nombreux domaines comme le dessin, la peinture, la couture et bien d&rsquo;autre encore. Mon projet serait de faire de l&rsquo;animation 2D, cela serait sinc\u00e8rement l&rsquo;un de mes [&hellip;]<\/p>\n","protected":false},"author":34,"featured_media":0,"parent":0,"menu_order":0,"comment_status":"closed","ping_status":"closed","template":"","meta":{"footnotes":""},"class_list":["post-151","page","type-page","status-publish","hentry"],"_links":{"self":[{"href":"https:\/\/eleves.escl.fr\/wp2\/y2027\/wp-json\/wp\/v2\/pages\/151","targetHints":{"allow":["GET"]}}],"collection":[{"href":"https:\/\/eleves.escl.fr\/wp2\/y2027\/wp-json\/wp\/v2\/pages"}],"about":[{"href":"https:\/\/eleves.escl.fr\/wp2\/y2027\/wp-json\/wp\/v2\/types\/page"}],"author":[{"embeddable":true,"href":"https:\/\/eleves.escl.fr\/wp2\/y2027\/wp-json\/wp\/v2\/users\/34"}],"replies":[{"embeddable":true,"href":"https:\/\/eleves.escl.fr\/wp2\/y2027\/wp-json\/wp\/v2\/comments?post=151"}],"version-history":[{"count":9,"href":"https:\/\/eleves.escl.fr\/wp2\/y2027\/wp-json\/wp\/v2\/pages\/151\/revisions"}],"predecessor-version":[{"id":198,"href":"https:\/\/eleves.escl.fr\/wp2\/y2027\/wp-json\/wp\/v2\/pages\/151\/revisions\/198"}],"wp:attachment":[{"href":"https:\/\/eleves.escl.fr\/wp2\/y2027\/wp-json\/wp\/v2\/media?parent=151"}],"curies":[{"name":"wp","href":"https:\/\/api.w.org\/{rel}","templated":true}]}}