{"id":157,"date":"2026-05-05T14:28:31","date_gmt":"2026-05-05T12:28:31","guid":{"rendered":"https:\/\/eleves.escl.fr\/wp2\/y2027\/?page_id=157"},"modified":"2026-05-05T14:46:33","modified_gmt":"2026-05-05T12:46:33","slug":"chanal-leonie","status":"publish","type":"page","link":"https:\/\/eleves.escl.fr\/wp2\/y2027\/chanal-leonie\/","title":{"rendered":"CHANAL L\u00e9onie"},"content":{"rendered":"\n<div class=\"wp-block-group alignfull is-style-section-1 has-global-padding is-layout-constrained wp-container-core-group-is-layout-cdf985e3 wp-block-group-is-layout-constrained is-style-section-1--1\" style=\"min-height:100vh;margin-top:0;margin-bottom:0;padding-top:var(--wp--preset--spacing--80);padding-right:var(--wp--preset--spacing--80);padding-bottom:var(--wp--preset--spacing--80);padding-left:var(--wp--preset--spacing--80)\">\n<div class=\"wp-block-columns alignwide are-vertically-aligned-center is-layout-flex wp-container-core-columns-is-layout-643ced6b wp-block-columns-is-layout-flex\">\n<div class=\"wp-block-column is-vertically-aligned-center is-layout-flow wp-block-column-is-layout-flow\">\n<figure class=\"wp-block-image size-large is-resized\"><img loading=\"lazy\" decoding=\"async\" width=\"1024\" height=\"1024\" src=\"https:\/\/eleves.escl.fr\/wp2\/y2027\/wp-content\/uploads\/sites\/30\/2026\/05\/IMG_6854-e1777982904993-edited-1024x1024.png\" alt=\"\" class=\"wp-image-171\" style=\"width:359px;height:auto\" srcset=\"https:\/\/eleves.escl.fr\/wp2\/y2027\/wp-content\/uploads\/sites\/30\/2026\/05\/IMG_6854-e1777982904993-edited-1024x1024.png 1024w, https:\/\/eleves.escl.fr\/wp2\/y2027\/wp-content\/uploads\/sites\/30\/2026\/05\/IMG_6854-e1777982904993-edited-300x300.png 300w, https:\/\/eleves.escl.fr\/wp2\/y2027\/wp-content\/uploads\/sites\/30\/2026\/05\/IMG_6854-e1777982904993-edited-150x150.png 150w, https:\/\/eleves.escl.fr\/wp2\/y2027\/wp-content\/uploads\/sites\/30\/2026\/05\/IMG_6854-e1777982904993-edited-768x768.png 768w, https:\/\/eleves.escl.fr\/wp2\/y2027\/wp-content\/uploads\/sites\/30\/2026\/05\/IMG_6854-e1777982904993-edited.png 1170w\" sizes=\"auto, (max-width: 1024px) 100vw, 1024px\" \/><\/figure>\n<\/div>\n\n\n\n<div class=\"wp-block-column is-vertically-aligned-center is-layout-flow wp-block-column-is-layout-flow\">\n<p>Je m&rsquo;appelle L\u00e9onie CHANAL j&rsquo;ai 17 ans. Je suis actuellement en 1ere STD2A au lyc\u00e9e de Langogne St Pierre St Paul a Langogne. Depuis toujours j&rsquo;ai une imagination et une cr\u00e9ativit\u00e9 d\u00e9bordante. J&rsquo;aime utilis\u00e9 mes mains pour pouvoir cr\u00e9\u00e9 et m&rsquo;exprimer en particulier coudre er designer des v\u00eatements , c&rsquo;est quelque chose qui ma aider a trouver qui je suis aujourd&rsquo;hui. C&rsquo;est pourquoi plus tard j&rsquo;aimerais continuer dans cette voie en devenant mod\u00e9liste de mode.<\/p>\n<\/div>\n<\/div>\n<\/div>\n\n\n\n<p>J&rsquo;ai cr\u00e9\u00e9 un site internet qui s&rsquo;intitule \u00ab\u00a0<a href=\"https:\/\/eleves.escl.fr\/wp2\/femhis\/\">Fem&rsquo;Histoire<\/a>\u00ab\u00a0<\/p>\n\n\n\n<p>Ce site internet raconte l&rsquo;histoire des femmes dans diff\u00e9rents pays et nous permet parfois de comprendre notre soci\u00e9t\u00e9 aujourd&rsquo;hui.    <\/p>\n","protected":false},"excerpt":{"rendered":"<p>Je m&rsquo;appelle L\u00e9onie CHANAL j&rsquo;ai 17 ans. Je suis actuellement en 1ere STD2A au lyc\u00e9e de Langogne St Pierre St Paul a Langogne. Depuis toujours j&rsquo;ai une imagination et une cr\u00e9ativit\u00e9 d\u00e9bordante. J&rsquo;aime utilis\u00e9 mes mains pour pouvoir cr\u00e9\u00e9 et m&rsquo;exprimer en particulier coudre er designer des v\u00eatements , c&rsquo;est quelque chose qui ma aider [&hellip;]<\/p>\n","protected":false},"author":33,"featured_media":0,"parent":0,"menu_order":0,"comment_status":"closed","ping_status":"closed","template":"","meta":{"footnotes":""},"class_list":["post-157","page","type-page","status-publish","hentry"],"_links":{"self":[{"href":"https:\/\/eleves.escl.fr\/wp2\/y2027\/wp-json\/wp\/v2\/pages\/157","targetHints":{"allow":["GET"]}}],"collection":[{"href":"https:\/\/eleves.escl.fr\/wp2\/y2027\/wp-json\/wp\/v2\/pages"}],"about":[{"href":"https:\/\/eleves.escl.fr\/wp2\/y2027\/wp-json\/wp\/v2\/types\/page"}],"author":[{"embeddable":true,"href":"https:\/\/eleves.escl.fr\/wp2\/y2027\/wp-json\/wp\/v2\/users\/33"}],"replies":[{"embeddable":true,"href":"https:\/\/eleves.escl.fr\/wp2\/y2027\/wp-json\/wp\/v2\/comments?post=157"}],"version-history":[{"count":6,"href":"https:\/\/eleves.escl.fr\/wp2\/y2027\/wp-json\/wp\/v2\/pages\/157\/revisions"}],"predecessor-version":[{"id":200,"href":"https:\/\/eleves.escl.fr\/wp2\/y2027\/wp-json\/wp\/v2\/pages\/157\/revisions\/200"}],"wp:attachment":[{"href":"https:\/\/eleves.escl.fr\/wp2\/y2027\/wp-json\/wp\/v2\/media?parent=157"}],"curies":[{"name":"wp","href":"https:\/\/api.w.org\/{rel}","templated":true}]}}