{"id":159,"date":"2026-05-05T14:53:26","date_gmt":"2026-05-05T12:53:26","guid":{"rendered":"https:\/\/eleves.escl.fr\/wp2\/y2027\/?page_id=159"},"modified":"2026-05-05T15:08:39","modified_gmt":"2026-05-05T13:08:39","slug":"flandin-ema","status":"publish","type":"page","link":"https:\/\/eleves.escl.fr\/wp2\/y2027\/flandin-ema\/","title":{"rendered":"FLANDIN Ema"},"content":{"rendered":"\n<div class=\"wp-block-cover alignfull is-light\" style=\"margin-top:0;padding-top:48px;padding-right:5vw;padding-bottom:48px;padding-left:5vw\"><span aria-hidden=\"true\" class=\"wp-block-cover__background has-background-dim-100 has-background-dim has-background-gradient\" style=\"background:linear-gradient(180deg,rgb(0,0,0) 39%,rgb(83,80,123) 39%)\"><\/span><div class=\"wp-block-cover__inner-container is-layout-flow wp-block-cover-is-layout-flow\">\n<div style=\"height:100px\" aria-hidden=\"true\" class=\"wp-block-spacer\"><\/div>\n\n\n\n<div class=\"wp-block-group has-global-padding is-layout-constrained wp-container-core-group-is-layout-a29f7d37 wp-block-group-is-layout-constrained\">\n<div class=\"wp-block-group wp-container-content-9dbf05af is-layout-flow wp-container-core-group-is-layout-634f0b9d wp-block-group-is-layout-flow\"><\/div>\n\n\n\n<div class=\"wp-block-group wp-container-content-9cfa9a5a is-layout-flow wp-container-core-group-is-layout-d6743c7d wp-block-group-is-layout-flow\">\n<p class=\"has-text-align-left has-white-color has-text-color has-link-color wp-elements-01d85e7168376b780ea7e5928be0778f\" style=\"font-size:clamp(76.201px, 4.763rem + ((1vw - 3.2px) * 9.392), 172px);font-style:normal;font-weight:700;letter-spacing:-10px;line-height:0.7;text-transform:uppercase\">book.<\/p>\n<\/div>\n<\/div>\n\n\n\n<p class=\"has-text-align-left has-white-color has-text-color has-link-color wp-elements-167cd6945883757e0388ab1627b61534\" style=\"font-size:clamp(14px, 0.875rem + ((1vw - 3.2px) * 0.294), 17px);font-style:normal;font-weight:700;letter-spacing:0px;text-decoration:none;text-transform:uppercase\">pr\u00e9sentation<\/p>\n\n\n\n<div style=\"height:216px\" aria-hidden=\"true\" class=\"wp-block-spacer\"><\/div>\n<\/div><\/div>\n\n\n\n<div class=\"wp-block-columns is-layout-flex wp-container-core-columns-is-layout-28f84493 wp-block-columns-is-layout-flex\">\n<div class=\"wp-block-column is-layout-flow wp-block-column-is-layout-flow\">\n<p>Mon nom est Emma Flandin, je suis actuellement en fili\u00e8re de STD2A.. Ce choix a \u00e9t\u00e9 nourrit pas un attrait tout particulier pour l&rsquo;art et plus particuli\u00e8rement l&rsquo;illustration d&rsquo;2D. Cependant j&rsquo;aimerai m&rsquo;\u00e9largir vers l&rsquo;animation 2D au cours de mes \u00e9ventuelles \u00e9tudes. Je suis une personne tr\u00e8s d\u00e9termin\u00e9e, je poursuit mes objectifs et je ferai le maximum afin de les r\u00e9aliser. <\/p>\n<\/div>\n\n\n\n<div class=\"wp-block-column is-vertically-aligned-center is-layout-flow wp-block-column-is-layout-flow\">\n<figure class=\"wp-block-image size-large\"><img loading=\"lazy\" decoding=\"async\" width=\"828\" height=\"621\" src=\"https:\/\/eleves.escl.fr\/wp2\/y2027\/wp-content\/uploads\/sites\/30\/2026\/05\/IMG_7040-edited.jpeg\" alt=\"\" class=\"wp-image-218\" srcset=\"https:\/\/eleves.escl.fr\/wp2\/y2027\/wp-content\/uploads\/sites\/30\/2026\/05\/IMG_7040-edited.jpeg 828w, https:\/\/eleves.escl.fr\/wp2\/y2027\/wp-content\/uploads\/sites\/30\/2026\/05\/IMG_7040-edited-300x225.jpeg 300w, https:\/\/eleves.escl.fr\/wp2\/y2027\/wp-content\/uploads\/sites\/30\/2026\/05\/IMG_7040-edited-768x576.jpeg 768w\" sizes=\"auto, (max-width: 828px) 100vw, 828px\" \/><\/figure>\n<\/div>\n<\/div>\n","protected":false},"excerpt":{"rendered":"<p>Mon nom est Emma Flandin, je suis actuellement en fili\u00e8re de STD2A.. Ce choix a \u00e9t\u00e9 nourrit pas un attrait tout particulier pour l&rsquo;art et plus particuli\u00e8rement l&rsquo;illustration d&rsquo;2D. Cependant j&rsquo;aimerai m&rsquo;\u00e9largir vers l&rsquo;animation 2D au cours de mes \u00e9ventuelles \u00e9tudes. Je suis une personne tr\u00e8s d\u00e9termin\u00e9e, je poursuit mes objectifs et je ferai le [&hellip;]<\/p>\n","protected":false},"author":39,"featured_media":0,"parent":0,"menu_order":0,"comment_status":"closed","ping_status":"closed","template":"","meta":{"footnotes":""},"class_list":["post-159","page","type-page","status-publish","hentry"],"_links":{"self":[{"href":"https:\/\/eleves.escl.fr\/wp2\/y2027\/wp-json\/wp\/v2\/pages\/159","targetHints":{"allow":["GET"]}}],"collection":[{"href":"https:\/\/eleves.escl.fr\/wp2\/y2027\/wp-json\/wp\/v2\/pages"}],"about":[{"href":"https:\/\/eleves.escl.fr\/wp2\/y2027\/wp-json\/wp\/v2\/types\/page"}],"author":[{"embeddable":true,"href":"https:\/\/eleves.escl.fr\/wp2\/y2027\/wp-json\/wp\/v2\/users\/39"}],"replies":[{"embeddable":true,"href":"https:\/\/eleves.escl.fr\/wp2\/y2027\/wp-json\/wp\/v2\/comments?post=159"}],"version-history":[{"count":3,"href":"https:\/\/eleves.escl.fr\/wp2\/y2027\/wp-json\/wp\/v2\/pages\/159\/revisions"}],"predecessor-version":[{"id":220,"href":"https:\/\/eleves.escl.fr\/wp2\/y2027\/wp-json\/wp\/v2\/pages\/159\/revisions\/220"}],"wp:attachment":[{"href":"https:\/\/eleves.escl.fr\/wp2\/y2027\/wp-json\/wp\/v2\/media?parent=159"}],"curies":[{"name":"wp","href":"https:\/\/api.w.org\/{rel}","templated":true}]}}