{"id":22,"date":"2026-04-07T13:58:09","date_gmt":"2026-04-07T11:58:09","guid":{"rendered":"https:\/\/eleves.escl.fr\/wp2\/y2027\/?page_id=22"},"modified":"2026-04-07T15:09:30","modified_gmt":"2026-04-07T13:09:30","slug":"souhait-mai-ly","status":"publish","type":"page","link":"https:\/\/eleves.escl.fr\/wp2\/y2027\/souhait-mai-ly\/","title":{"rendered":"SOUHAIT Ma\u00ef-Ly"},"content":{"rendered":"\n<div class=\"wp-block-cover alignfull has-custom-content-position is-position-bottom-center has-base-color has-text-color has-link-color wp-elements-0c532711154ac152b0b66c9c507e72c5\" style=\"margin-top:0;margin-bottom:0;padding-top:var(--wp--preset--spacing--50);padding-right:var(--wp--preset--spacing--50);padding-bottom:var(--wp--preset--spacing--50);padding-left:var(--wp--preset--spacing--50);min-height:840px;aspect-ratio:unset;\"><img loading=\"lazy\" decoding=\"async\" width=\"1024\" height=\"882\" class=\"wp-block-cover__image-background wp-image-102 size-large\" alt=\"\" src=\"https:\/\/eleves.escl.fr\/wp2\/y2027\/wp-content\/uploads\/sites\/30\/2026\/04\/Sans-titre-16_20260407145929-1024x882.png\" data-object-fit=\"cover\" srcset=\"https:\/\/eleves.escl.fr\/wp2\/y2027\/wp-content\/uploads\/sites\/30\/2026\/04\/Sans-titre-16_20260407145929-1024x882.png 1024w, https:\/\/eleves.escl.fr\/wp2\/y2027\/wp-content\/uploads\/sites\/30\/2026\/04\/Sans-titre-16_20260407145929-300x259.png 300w, https:\/\/eleves.escl.fr\/wp2\/y2027\/wp-content\/uploads\/sites\/30\/2026\/04\/Sans-titre-16_20260407145929-768x662.png 768w, https:\/\/eleves.escl.fr\/wp2\/y2027\/wp-content\/uploads\/sites\/30\/2026\/04\/Sans-titre-16_20260407145929.png 1200w\" sizes=\"auto, (max-width: 1024px) 100vw, 1024px\" \/><span aria-hidden=\"true\" class=\"wp-block-cover__background has-background-dim-10 has-background-dim\" style=\"background-color:#9e7640\"><\/span><div class=\"wp-block-cover__inner-container has-global-padding is-layout-constrained wp-container-core-cover-is-layout-d89aad35 wp-block-cover-is-layout-constrained\">\n<div class=\"wp-block-group alignwide has-accent-1-color has-accent-6-background-color has-text-color has-background has-link-color wp-elements-40283bd0720cab83d4e9fdd4993f5b1f has-global-padding is-content-justification-left is-layout-constrained wp-container-core-group-is-layout-12dd3699 wp-block-group-is-layout-constrained\">\n<h2 class=\"wp-block-heading has-text-align-left\" style=\"font-size:clamp(2.876rem, 2.876rem + ((1vw - 0.2rem) * 4.273), 5.6rem);font-style:italic;font-weight:300;text-decoration:underline\">PORTFOLIO<\/h2>\n\n\n\n<p>Bonjour, je m&rsquo;appelle Ma\u00ef-ly, j&rsquo;ai 17 ans . Actuellement en classe de 1er STD2A au lyc\u00e9e St.Pierre-St.Paul en Loz\u00e8re. Je suis dans cette filli\u00e8re afin de d\u00e9boucher sur des \u00e9tudes me perm\u00e9ttant d&rsquo;exerc\u00e9e un m\u00e9ti\u00e9 comme illustratrice ou Animatrice 2D.<\/p>\n\n\n\n<p>Depuis petite j&rsquo;ai toujours vou\u00e9 de l&rsquo;interet aux Arts et aujourd&rsquo;hui j&rsquo;approfondie se d\u00e9voument en faisant se parcours. <\/p>\n\n\n\n<div class=\"wp-block-buttons is-layout-flex wp-block-buttons-is-layout-flex\"><\/div>\n<\/div>\n<\/div><\/div>\n\n\n\n<div class=\"wp-block-group alignfull is-style-section-5 has-global-padding is-layout-constrained wp-block-group-is-layout-constrained is-style-section-5--1\" style=\"margin-top:0;margin-bottom:0;padding-top:var(--wp--preset--spacing--50);padding-bottom:var(--wp--preset--spacing--50)\">\n<div class=\"wp-block-columns alignwide is-layout-flex wp-container-core-columns-is-layout-7ee84d44 wp-block-columns-is-layout-flex\">\n<div class=\"wp-block-column is-vertically-aligned-center is-layout-flow wp-block-column-is-layout-flow\" style=\"flex-basis:50%\">\n<h2 class=\"wp-block-heading\">PROJETS ET COMPETENCES<\/h2>\n\n\n\n<p class=\"has-medium-font-size\">Au cours des ann\u00e9es j&rsquo;ai acquis plusieurs competences que ce soit grace \u00e0 mes  otion ( lyc\u00e9e ou cours d&rsquo;art par  exemple) ou en autodidacte <\/p>\n<\/div>\n\n\n\n<div class=\"wp-block-column is-vertically-aligned-center is-layout-flow wp-block-column-is-layout-flow\" style=\"flex-basis:50%\">\n<figure class=\"wp-block-image size-full\"><img decoding=\"async\" src=\"https:\/\/eleves.escl.fr\/wp2\/y2027\/wp-content\/themes\/twentytwentyfive\/assets\/images\/ruins-image.webp\" alt=\"Cliff Palace, Colorado\" style=\"aspect-ratio:1;object-fit:cover\" \/><\/figure>\n<\/div>\n<\/div>\n<\/div>\n\n\n\n<div class=\"wp-block-group alignfull has-global-padding is-layout-constrained wp-block-group-is-layout-constrained\" style=\"margin-top:0;margin-bottom:0\">\n<div class=\"wp-block-group alignwide is-layout-grid wp-container-core-group-is-layout-5fdb10e5 wp-block-group-is-layout-grid\" style=\"padding-top:var(--wp--preset--spacing--50);padding-bottom:var(--wp--preset--spacing--50)\">\n<div class=\"wp-block-group is-vertical is-content-justification-stretch is-nowrap is-layout-flex wp-container-core-group-is-layout-627337ab wp-block-group-is-layout-flex\">\n<div class=\"wp-block-group is-vertical is-content-justification-left is-layout-flex wp-container-core-group-is-layout-dd225191 wp-block-group-is-layout-flex\">\n<h2 class=\"wp-block-heading is-style-text-annotation is-style-text-annotation--2\">\u00c0 propos<\/h2>\n\n\n\n<p class=\"is-style-text-subtitle is-style-text-subtitle--3\">\n\t\t\t\t<strong>Mon Petit Bouquet<\/strong> est une entreprise de livraison de fleurs. Bas\u00e9e dans l\u2019UE, notre mission est non seulement de livrer de superbes compositions florales, mais aussi de promouvoir la connaissance et l\u2019enthousiasme autour du magnifique cadeau que sont les fleurs.\t\t\t\t<\/p>\n<\/div>\n\n\n\n<figure class=\"wp-block-image size-full\"><img decoding=\"async\" src=\"https:\/\/eleves.escl.fr\/wp2\/y2027\/wp-content\/themes\/twentytwentyfive\/assets\/images\/grid-flower-1.webp\" alt=\"Photographie en gros plan d\u2019une fleur rouge.\" style=\"aspect-ratio:16\/9;object-fit:cover\" \/><\/figure>\n<\/div>\n\n\n\n<figure class=\"wp-block-image size-full\"><img decoding=\"async\" src=\"https:\/\/eleves.escl.fr\/wp2\/y2027\/wp-content\/themes\/twentytwentyfive\/assets\/images\/grid-flower-2.webp\" alt=\"Photographie en noir et blanc en gros plan d\u2019une fleur.\" style=\"aspect-ratio:3\/4;object-fit:cover\" \/><\/figure>\n<\/div>\n<\/div>\n\n\n\n<div class=\"wp-block-group alignfull has-global-padding is-layout-constrained wp-block-group-is-layout-constrained\" style=\"margin-top:0;margin-bottom:0\">\n<div class=\"wp-block-group alignwide is-layout-flow wp-container-core-group-is-layout-d58a0413 wp-block-group-is-layout-flow\" style=\"padding-top:var(--wp--preset--spacing--50);padding-bottom:var(--wp--preset--spacing--50)\">\n<h2 class=\"wp-block-heading has-x-large-font-size\">Foire aux questions<\/h2>\n\n\n\n<div class=\"wp-block-columns is-layout-flex wp-container-core-columns-is-layout-cbe57604 wp-block-columns-is-layout-flex\">\n<div class=\"wp-block-column is-layout-flow wp-block-column-is-layout-flow\">\n<div class=\"wp-block-group is-layout-flow wp-block-group-is-layout-flow\" style=\"border-top-color:var(--wp--preset--color--accent-6);border-top-width:1px;padding-top:var(--wp--preset--spacing--30);padding-bottom:var(--wp--preset--spacing--30)\">\n<h3 class=\"wp-block-heading\">De quoi parle le livre \u00ab&nbsp;Histoires&nbsp;\u00bb&nbsp;?<\/h3>\n\n\n\n<p>Cette magnifique compilation pr\u00e9sente un \u00e9ventail diversifi\u00e9 de photographies qui capturent l\u2019essence de diff\u00e9rentes \u00e9poques et cultures, refl\u00e9tant les styles et perspectives uniques de chaque artiste.<\/p>\n<\/div>\n<\/div>\n\n\n\n<div class=\"wp-block-column is-layout-flow wp-block-column-is-layout-flow\">\n<div class=\"wp-block-group is-layout-flow wp-block-group-is-layout-flow\" style=\"border-top-color:var(--wp--preset--color--accent-6);border-top-width:1px;padding-top:var(--wp--preset--spacing--30);padding-bottom:var(--wp--preset--spacing--30)\">\n<h3 class=\"wp-block-heading\">Combien le livre \u00ab&nbsp;Histoires&nbsp;\u00bb co\u00fbtera-t-il&nbsp;?<\/h3>\n\n\n\n<p>Cette magnifique compilation pr\u00e9sente un \u00e9ventail diversifi\u00e9 de photographies qui capturent l\u2019essence de diff\u00e9rentes \u00e9poques et cultures, refl\u00e9tant les styles et perspectives uniques de chaque artiste.<\/p>\n<\/div>\n<\/div>\n<\/div>\n\n\n\n<div class=\"wp-block-columns is-layout-flex wp-container-core-columns-is-layout-cbe57604 wp-block-columns-is-layout-flex\">\n<div class=\"wp-block-column is-layout-flow wp-block-column-is-layout-flow\">\n<div class=\"wp-block-group is-layout-flow wp-block-group-is-layout-flow\" style=\"border-top-color:var(--wp--preset--color--accent-6);border-top-width:1px;padding-top:var(--wp--preset--spacing--30);padding-bottom:var(--wp--preset--spacing--30)\">\n<h3 class=\"wp-block-heading\">Quand est-ce que le livre \u00ab&nbsp;Histoires&nbsp;\u00bb sortira&nbsp;?<\/h3>\n\n\n\n<p>Cette magnifique compilation pr\u00e9sente un \u00e9ventail diversifi\u00e9 de photographies qui capturent l\u2019essence de diff\u00e9rentes \u00e9poques et cultures, refl\u00e9tant les styles et perspectives uniques de chaque artiste.<\/p>\n<\/div>\n<\/div>\n\n\n\n<div class=\"wp-block-column is-layout-flow wp-block-column-is-layout-flow\">\n<div class=\"wp-block-group is-layout-flow wp-block-group-is-layout-flow\" style=\"border-top-color:var(--wp--preset--color--accent-6);border-top-width:1px;padding-top:var(--wp--preset--spacing--30);padding-bottom:var(--wp--preset--spacing--30)\">\n<h3 class=\"wp-block-heading\">Est-ce que des versions d\u00e9dicac\u00e9es sont disponibles&nbsp;?<\/h3>\n\n\n\n<p>Cette magnifique compilation pr\u00e9sente un \u00e9ventail diversifi\u00e9 de photographies qui capturent l\u2019essence de diff\u00e9rentes \u00e9poques et cultures, refl\u00e9tant les styles et perspectives uniques de chaque artiste.<\/p>\n<\/div>\n<\/div>\n<\/div>\n<\/div>\n<\/div>\n\n\n\n<div class=\"wp-block-group alignfull has-global-padding is-layout-constrained wp-container-core-group-is-layout-08655630 wp-block-group-is-layout-constrained\" style=\"margin-top:0;margin-bottom:0;padding-top:var(--wp--preset--spacing--80);padding-bottom:var(--wp--preset--spacing--80)\">\n<div class=\"wp-block-group alignwide is-layout-flow wp-block-group-is-layout-flow\">\n<ul class=\"wp-block-social-links has-icon-color is-style-logos-only is-content-justification-center is-layout-flex wp-container-core-social-links-is-layout-a89b3969 wp-block-social-links-is-layout-flex\"><li class=\"wp-social-link wp-social-link-instagram has-contrast-color wp-block-social-link\"><a href=\"#may.sht_\" class=\"wp-block-social-link-anchor\"><svg width=\"24\" height=\"24\" viewBox=\"0 0 24 24\" version=\"1.1\" xmlns=\"http:\/\/www.w3.org\/2000\/svg\" aria-hidden=\"true\" focusable=\"false\"><path d=\"M12,4.622c2.403,0,2.688,0.009,3.637,0.052c0.877,0.04,1.354,0.187,1.671,0.31c0.42,0.163,0.72,0.358,1.035,0.673 c0.315,0.315,0.51,0.615,0.673,1.035c0.123,0.317,0.27,0.794,0.31,1.671c0.043,0.949,0.052,1.234,0.052,3.637 s-0.009,2.688-0.052,3.637c-0.04,0.877-0.187,1.354-0.31,1.671c-0.163,0.42-0.358,0.72-0.673,1.035 c-0.315,0.315-0.615,0.51-1.035,0.673c-0.317,0.123-0.794,0.27-1.671,0.31c-0.949,0.043-1.233,0.052-3.637,0.052 s-2.688-0.009-3.637-0.052c-0.877-0.04-1.354-0.187-1.671-0.31c-0.42-0.163-0.72-0.358-1.035-0.673 c-0.315-0.315-0.51-0.615-0.673-1.035c-0.123-0.317-0.27-0.794-0.31-1.671C4.631,14.688,4.622,14.403,4.622,12 s0.009-2.688,0.052-3.637c0.04-0.877,0.187-1.354,0.31-1.671c0.163-0.42,0.358-0.72,0.673-1.035 c0.315-0.315,0.615-0.51,1.035-0.673c0.317-0.123,0.794-0.27,1.671-0.31C9.312,4.631,9.597,4.622,12,4.622 M12,3 C9.556,3,9.249,3.01,8.289,3.054C7.331,3.098,6.677,3.25,6.105,3.472C5.513,3.702,5.011,4.01,4.511,4.511 c-0.5,0.5-0.808,1.002-1.038,1.594C3.25,6.677,3.098,7.331,3.054,8.289C3.01,9.249,3,9.556,3,12c0,2.444,0.01,2.751,0.054,3.711 c0.044,0.958,0.196,1.612,0.418,2.185c0.23,0.592,0.538,1.094,1.038,1.594c0.5,0.5,1.002,0.808,1.594,1.038 c0.572,0.222,1.227,0.375,2.185,0.418C9.249,20.99,9.556,21,12,21s2.751-0.01,3.711-0.054c0.958-0.044,1.612-0.196,2.185-0.418 c0.592-0.23,1.094-0.538,1.594-1.038c0.5-0.5,0.808-1.002,1.038-1.594c0.222-0.572,0.375-1.227,0.418-2.185 C20.99,14.751,21,14.444,21,12s-0.01-2.751-0.054-3.711c-0.044-0.958-0.196-1.612-0.418-2.185c-0.23-0.592-0.538-1.094-1.038-1.594 c-0.5-0.5-1.002-0.808-1.594-1.038c-0.572-0.222-1.227-0.375-2.185-0.418C14.751,3.01,14.444,3,12,3L12,3z M12,7.378 c-2.552,0-4.622,2.069-4.622,4.622S9.448,16.622,12,16.622s4.622-2.069,4.622-4.622S14.552,7.378,12,7.378z M12,15 c-1.657,0-3-1.343-3-3s1.343-3,3-3s3,1.343,3,3S13.657,15,12,15z M16.804,6.116c-0.596,0-1.08,0.484-1.08,1.08 s0.484,1.08,1.08,1.08c0.596,0,1.08-0.484,1.08-1.08S17.401,6.116,16.804,6.116z\"><\/path><\/svg><span class=\"wp-block-social-link-label screen-reader-text\">Instagram<\/span><\/a><\/li><\/ul>\n<\/div>\n<\/div>\n","protected":false},"excerpt":{"rendered":"<p>PROJETS ET COMPETENCES Au cours des ann\u00e9es j&rsquo;ai acquis plusieurs competences que ce soit grace \u00e0 mes otion ( lyc\u00e9e ou cours d&rsquo;art par exemple) ou en autodidacte \u00c0 propos Mon Petit Bouquet est une entreprise de livraison de fleurs. Bas\u00e9e dans l\u2019UE, notre mission est non seulement de livrer de superbes compositions florales, mais [&hellip;]<\/p>\n","protected":false},"author":40,"featured_media":0,"parent":0,"menu_order":0,"comment_status":"closed","ping_status":"closed","template":"","meta":{"footnotes":""},"class_list":["post-22","page","type-page","status-publish","hentry"],"_links":{"self":[{"href":"https:\/\/eleves.escl.fr\/wp2\/y2027\/wp-json\/wp\/v2\/pages\/22","targetHints":{"allow":["GET"]}}],"collection":[{"href":"https:\/\/eleves.escl.fr\/wp2\/y2027\/wp-json\/wp\/v2\/pages"}],"about":[{"href":"https:\/\/eleves.escl.fr\/wp2\/y2027\/wp-json\/wp\/v2\/types\/page"}],"author":[{"embeddable":true,"href":"https:\/\/eleves.escl.fr\/wp2\/y2027\/wp-json\/wp\/v2\/users\/40"}],"replies":[{"embeddable":true,"href":"https:\/\/eleves.escl.fr\/wp2\/y2027\/wp-json\/wp\/v2\/comments?post=22"}],"version-history":[{"count":11,"href":"https:\/\/eleves.escl.fr\/wp2\/y2027\/wp-json\/wp\/v2\/pages\/22\/revisions"}],"predecessor-version":[{"id":123,"href":"https:\/\/eleves.escl.fr\/wp2\/y2027\/wp-json\/wp\/v2\/pages\/22\/revisions\/123"}],"wp:attachment":[{"href":"https:\/\/eleves.escl.fr\/wp2\/y2027\/wp-json\/wp\/v2\/media?parent=22"}],"curies":[{"name":"wp","href":"https:\/\/api.w.org\/{rel}","templated":true}]}}