{"id":29,"date":"2026-04-07T13:57:30","date_gmt":"2026-04-07T11:57:30","guid":{"rendered":"https:\/\/eleves.escl.fr\/wp2\/y2027\/?page_id=29"},"modified":"2026-05-12T15:12:05","modified_gmt":"2026-05-12T13:12:05","slug":"grandu-liloo","status":"publish","type":"page","link":"https:\/\/eleves.escl.fr\/wp2\/y2027\/grandu-liloo\/","title":{"rendered":"GRANDU liloo"},"content":{"rendered":"\n<div class=\"wp-block-cover alignfull has-custom-content-position is-position-bottom-center\" style=\"margin-top:0;margin-bottom:0;padding-top:var(--wp--preset--spacing--50);padding-right:var(--wp--preset--spacing--50);padding-bottom:var(--wp--preset--spacing--50);padding-left:var(--wp--preset--spacing--50);min-height:617px;aspect-ratio:unset;\"><img loading=\"lazy\" decoding=\"async\" width=\"576\" height=\"1024\" class=\"wp-block-cover__image-background wp-image-95 size-large\" alt=\"\" src=\"https:\/\/eleves.escl.fr\/wp2\/y2027\/wp-content\/uploads\/sites\/30\/2026\/04\/telecharger-576x1024.jpg\" data-object-fit=\"cover\" srcset=\"https:\/\/eleves.escl.fr\/wp2\/y2027\/wp-content\/uploads\/sites\/30\/2026\/04\/telecharger-576x1024.jpg 576w, https:\/\/eleves.escl.fr\/wp2\/y2027\/wp-content\/uploads\/sites\/30\/2026\/04\/telecharger-169x300.jpg 169w, https:\/\/eleves.escl.fr\/wp2\/y2027\/wp-content\/uploads\/sites\/30\/2026\/04\/telecharger.jpg 675w\" sizes=\"auto, (max-width: 576px) 100vw, 576px\" \/><span aria-hidden=\"true\" class=\"wp-block-cover__background has-background-dim-10 has-background-dim\" style=\"background-color:#3d3d3d\"><\/span><div class=\"wp-block-cover__inner-container has-global-padding is-layout-constrained wp-container-core-cover-is-layout-d89aad35 wp-block-cover-is-layout-constrained\">\n<div class=\"wp-block-group alignwide has-global-padding is-content-justification-left is-layout-constrained wp-container-core-group-is-layout-12dd3699 wp-block-group-is-layout-constrained\">\n<h2 class=\"wp-block-heading has-text-align-left has-xx-large-font-size\">BOOK<\/h2>\n\n\n\n<p>Je m&rsquo;appelle Grandu liloo , actuellement en premi\u00e8re STD2A, je suis passionn\u00e9e par le domaine de l&rsquo;art depuis mon enfance . A travers mes dessins , peintures, photo ect. , j&rsquo;exprime ce que je ressens , ce qui m&rsquo;inspire et cr\u00e9e des univers. J&rsquo;aimerai m&rsquo;orienter vers le design de mode et plus pr\u00e9cis\u00e9ment la haute couture conceptuelle. <\/p>\n\n\n\n<p>Ce book regroupe certain de mes projets personnels et fait en classe. Il permet de montrer mon univers, mes id\u00e9es et mes comp\u00e9tences.<\/p>\n<\/div>\n<\/div><\/div>\n\n\n\n<div class=\"wp-block-group alignfull is-style-section-5 has-global-padding is-content-justification-left is-layout-constrained wp-container-core-group-is-layout-d0f719ba wp-block-group-is-layout-constrained is-style-section-5--1\" style=\"margin-top:0;margin-bottom:0;padding-top:var(--wp--preset--spacing--50);padding-bottom:var(--wp--preset--spacing--50)\">\n<div class=\"wp-block-columns alignwide is-layout-flex wp-container-core-columns-is-layout-7ee84d44 wp-block-columns-is-layout-flex\">\n<div class=\"wp-block-column is-vertically-aligned-center is-layout-flow wp-block-column-is-layout-flow\" style=\"flex-basis:50%\">\n<h2 class=\"wp-block-heading\">Mes projets<\/h2>\n<\/div>\n<\/div>\n\n\n\n<ul class=\"wp-block-list\">\n<li><em>Dans le cadre de mes \u00e9tudes en STD2A , j&rsquo;ai du r\u00e9aliser un stop-motion.<\/em><\/li>\n<\/ul>\n\n\n\n<figure class=\"wp-block-video\"><video controls src=\"https:\/\/eleves.escl.fr\/wp2\/japon\/wp-content\/uploads\/sites\/26\/2026\/05\/Liloo.mov\"><\/video><\/figure>\n\n\n\n<p>un projet personnel :<\/p>\n\n\n\n<figure class=\"wp-block-image size-large is-resized\"><img decoding=\"async\" src=\"https:\/\/eleves.escl.fr\/wp2\/japon\/wp-content\/uploads\/sites\/26\/2026\/05\/IMG_8125.jpg\" alt=\"\" style=\"aspect-ratio:0.7666307618021766;width:395px;height:auto\" \/><\/figure>\n<\/div>\n\n\n\n<p>En cours de outils et langages num\u00e9rique nous avons r\u00e9alis\u00e9 un projet pour nous entrainer \u00e0 mettre en place un site internette:<\/p>\n\n\n\n<div class=\"wp-block-group alignfull has-global-padding is-layout-constrained wp-container-core-group-is-layout-08655630 wp-block-group-is-layout-constrained\" style=\"margin-top:0;margin-bottom:0;padding-top:var(--wp--preset--spacing--80);padding-bottom:var(--wp--preset--spacing--80)\">\n<div class=\"wp-block-buttons is-layout-flex wp-block-buttons-is-layout-flex\">\n<div class=\"wp-block-button\"><a class=\"wp-block-button__link wp-element-button\" href=\"https:\/\/eleves.escl.fr\/wp2\/japon\/\" target=\"_blank\" rel=\"noreferrer noopener\">la culture Nippone<\/a><\/div>\n<\/div>\n\n\n\n<div class=\"wp-block-group alignwide is-layout-flow wp-block-group-is-layout-flow\">\n<figure class=\"wp-block-image size-large is-resized\"><img decoding=\"async\" src=\"https:\/\/eleves.escl.fr\/wp2\/japon\/wp-content\/uploads\/sites\/26\/2026\/05\/art_l.g_qr-scaled.png\" alt=\"\" style=\"aspect-ratio:0.8703104976662709;width:353px;height:auto\" \/><\/figure>\n<\/div>\n<\/div>\n","protected":false},"excerpt":{"rendered":"<p>Mes projets un projet personnel : En cours de outils et langages num\u00e9rique nous avons r\u00e9alis\u00e9 un projet pour nous entrainer \u00e0 mettre en place un site internette:<\/p>\n","protected":false},"author":42,"featured_media":0,"parent":0,"menu_order":0,"comment_status":"closed","ping_status":"closed","template":"","meta":{"footnotes":""},"class_list":["post-29","page","type-page","status-publish","hentry"],"_links":{"self":[{"href":"https:\/\/eleves.escl.fr\/wp2\/y2027\/wp-json\/wp\/v2\/pages\/29","targetHints":{"allow":["GET"]}}],"collection":[{"href":"https:\/\/eleves.escl.fr\/wp2\/y2027\/wp-json\/wp\/v2\/pages"}],"about":[{"href":"https:\/\/eleves.escl.fr\/wp2\/y2027\/wp-json\/wp\/v2\/types\/page"}],"author":[{"embeddable":true,"href":"https:\/\/eleves.escl.fr\/wp2\/y2027\/wp-json\/wp\/v2\/users\/42"}],"replies":[{"embeddable":true,"href":"https:\/\/eleves.escl.fr\/wp2\/y2027\/wp-json\/wp\/v2\/comments?post=29"}],"version-history":[{"count":13,"href":"https:\/\/eleves.escl.fr\/wp2\/y2027\/wp-json\/wp\/v2\/pages\/29\/revisions"}],"predecessor-version":[{"id":343,"href":"https:\/\/eleves.escl.fr\/wp2\/y2027\/wp-json\/wp\/v2\/pages\/29\/revisions\/343"}],"wp:attachment":[{"href":"https:\/\/eleves.escl.fr\/wp2\/y2027\/wp-json\/wp\/v2\/media?parent=29"}],"curies":[{"name":"wp","href":"https:\/\/api.w.org\/{rel}","templated":true}]}}