{"id":30,"date":"2026-04-07T14:46:12","date_gmt":"2026-04-07T12:46:12","guid":{"rendered":"https:\/\/eleves.escl.fr\/wp2\/y2027\/?page_id=30"},"modified":"2026-04-07T15:07:17","modified_gmt":"2026-04-07T13:07:17","slug":"rocheteau-noemie","status":"publish","type":"page","link":"https:\/\/eleves.escl.fr\/wp2\/y2027\/rocheteau-noemie\/","title":{"rendered":"ROCHETEAU No\u00e9mie"},"content":{"rendered":"\n<div class=\"wp-block-group alignfull has-global-padding is-layout-constrained wp-block-group-is-layout-constrained\" style=\"margin-top:0;margin-bottom:0\">\n<div class=\"wp-block-group alignwide is-layout-grid wp-container-core-group-is-layout-5fdb10e5 wp-block-group-is-layout-grid\" style=\"padding-top:var(--wp--preset--spacing--50);padding-bottom:var(--wp--preset--spacing--50)\">\n<div class=\"wp-block-group is-vertical is-content-justification-stretch is-nowrap is-layout-flex wp-container-core-group-is-layout-627337ab wp-block-group-is-layout-flex\">\n<div class=\"wp-block-group is-vertical is-content-justification-left is-layout-flex wp-container-core-group-is-layout-dd225191 wp-block-group-is-layout-flex\">\n<p class=\"is-style-text-subtitle is-style-text-subtitle--1\">Je m&rsquo;appelle ROCHETEAU No\u00e9mie,  j&rsquo;ai 17ans et je suis en Premi\u00e8re STD2A. Je suis passionn\u00e9e de sport, de musique, des voyages et j&rsquo;aimerais de part mon ann\u00e9e de c\u00e9sure pouvoir apprendre d&rsquo;autres langues ainsi que d&rsquo;autres cultures. J&rsquo;aime bien \u00eatre dans la nature, les randonn\u00e9es ainsi que les animaux. <\/p>\n<\/div>\n\n\n\n<figure class=\"wp-block-image size-full\"><img decoding=\"async\" src=\"https:\/\/eleves.escl.fr\/wp2\/y2027\/wp-content\/themes\/twentytwentyfive\/assets\/images\/grid-flower-1.webp\" alt=\"Photographie en gros plan d\u2019une fleur rouge.\" style=\"aspect-ratio:16\/9;object-fit:cover\" \/><\/figure>\n<\/div>\n\n\n\n<figure class=\"wp-block-image size-full\"><img decoding=\"async\" src=\"https:\/\/eleves.escl.fr\/wp2\/y2027\/wp-content\/themes\/twentytwentyfive\/assets\/images\/grid-flower-2.webp\" alt=\"Photographie en noir et blanc en gros plan d\u2019une fleur.\" style=\"aspect-ratio:3\/4;object-fit:cover\" \/><\/figure>\n<\/div>\n<\/div>\n","protected":false},"excerpt":{"rendered":"<p>Je m&rsquo;appelle ROCHETEAU No\u00e9mie, j&rsquo;ai 17ans et je suis en Premi\u00e8re STD2A. Je suis passionn\u00e9e de sport, de musique, des voyages et j&rsquo;aimerais de part mon ann\u00e9e de c\u00e9sure pouvoir apprendre d&rsquo;autres langues ainsi que d&rsquo;autres cultures. J&rsquo;aime bien \u00eatre dans la nature, les randonn\u00e9es ainsi que les animaux.<\/p>\n","protected":false},"author":47,"featured_media":0,"parent":0,"menu_order":0,"comment_status":"closed","ping_status":"closed","template":"","meta":{"footnotes":""},"class_list":["post-30","page","type-page","status-publish","hentry"],"_links":{"self":[{"href":"https:\/\/eleves.escl.fr\/wp2\/y2027\/wp-json\/wp\/v2\/pages\/30","targetHints":{"allow":["GET"]}}],"collection":[{"href":"https:\/\/eleves.escl.fr\/wp2\/y2027\/wp-json\/wp\/v2\/pages"}],"about":[{"href":"https:\/\/eleves.escl.fr\/wp2\/y2027\/wp-json\/wp\/v2\/types\/page"}],"author":[{"embeddable":true,"href":"https:\/\/eleves.escl.fr\/wp2\/y2027\/wp-json\/wp\/v2\/users\/47"}],"replies":[{"embeddable":true,"href":"https:\/\/eleves.escl.fr\/wp2\/y2027\/wp-json\/wp\/v2\/comments?post=30"}],"version-history":[{"count":3,"href":"https:\/\/eleves.escl.fr\/wp2\/y2027\/wp-json\/wp\/v2\/pages\/30\/revisions"}],"predecessor-version":[{"id":120,"href":"https:\/\/eleves.escl.fr\/wp2\/y2027\/wp-json\/wp\/v2\/pages\/30\/revisions\/120"}],"wp:attachment":[{"href":"https:\/\/eleves.escl.fr\/wp2\/y2027\/wp-json\/wp\/v2\/media?parent=30"}],"curies":[{"name":"wp","href":"https:\/\/api.w.org\/{rel}","templated":true}]}}