{"id":31,"date":"2026-04-07T14:43:53","date_gmt":"2026-04-07T12:43:53","guid":{"rendered":"https:\/\/eleves.escl.fr\/wp2\/y2027\/?page_id=31"},"modified":"2026-04-07T14:58:57","modified_gmt":"2026-04-07T12:58:57","slug":"rouviere-lila","status":"publish","type":"page","link":"https:\/\/eleves.escl.fr\/wp2\/y2027\/rouviere-lila\/","title":{"rendered":"ROUVIERE Lila"},"content":{"rendered":"\n<p><\/p>\n\n\n\n<p>Je suis Lila, une \u00e9l\u00e8ve en premi\u00e8re STD2A. Je suis passionn\u00e9 par toutes formes d&rsquo;art depuis mon plus jeune \u00e2ge. <\/p>\n\n\n\n<p> Je m&rsquo;exprime \u00e0 travers l&rsquo;illustration, le collage, le crochet, les montages, la photo, la couture, le tricot, la peinture,<\/p>\n\n\n\n<p>Ce portfolio rassemble mes projets dont je suis le plus fi\u00e8re que ce soit des projets scolaire ou personnel.<\/p>\n\n\n\n<div class=\"wp-block-columns alignwide is-layout-flex wp-container-core-columns-is-layout-28f84493 wp-block-columns-is-layout-flex\">\n<div class=\"wp-block-column is-layout-flow wp-block-column-is-layout-flow\">\n<figure class=\"wp-block-image size-large has-custom-border\"><img loading=\"lazy\" decoding=\"async\" width=\"1024\" height=\"736\" src=\"https:\/\/eleves.escl.fr\/wp2\/y2027\/wp-content\/uploads\/sites\/30\/2026\/04\/IMG_9607-1024x736.jpeg\" alt=\"\" class=\"wp-image-84\" style=\"border-width:3px;border-top-left-radius:7px;border-top-right-radius:7px;border-bottom-left-radius:7px;border-bottom-right-radius:7px\" srcset=\"https:\/\/eleves.escl.fr\/wp2\/y2027\/wp-content\/uploads\/sites\/30\/2026\/04\/IMG_9607-1024x736.jpeg 1024w, https:\/\/eleves.escl.fr\/wp2\/y2027\/wp-content\/uploads\/sites\/30\/2026\/04\/IMG_9607-300x216.jpeg 300w, https:\/\/eleves.escl.fr\/wp2\/y2027\/wp-content\/uploads\/sites\/30\/2026\/04\/IMG_9607-768x552.jpeg 768w, https:\/\/eleves.escl.fr\/wp2\/y2027\/wp-content\/uploads\/sites\/30\/2026\/04\/IMG_9607-1536x1103.jpeg 1536w, https:\/\/eleves.escl.fr\/wp2\/y2027\/wp-content\/uploads\/sites\/30\/2026\/04\/IMG_9607-2048x1471.jpeg 2048w\" sizes=\"auto, (max-width: 1024px) 100vw, 1024px\" \/><\/figure>\n<\/div>\n\n\n\n<div class=\"wp-block-column is-layout-flow wp-block-column-is-layout-flow\">\n<figure class=\"wp-block-image size-large is-resized has-custom-border is-style-default\" style=\"margin-top:var(--wp--preset--spacing--50);margin-bottom:var(--wp--preset--spacing--50)\"><img loading=\"lazy\" decoding=\"async\" width=\"1024\" height=\"768\" src=\"https:\/\/eleves.escl.fr\/wp2\/y2027\/wp-content\/uploads\/sites\/30\/2026\/04\/IMG_9611-1024x768.jpeg\" alt=\"\" class=\"wp-image-86\" style=\"border-width:3px;border-top-left-radius:7px;border-top-right-radius:7px;border-bottom-left-radius:7px;border-bottom-right-radius:7px;aspect-ratio:1.3333332964429396;width:343px;height:auto\" srcset=\"https:\/\/eleves.escl.fr\/wp2\/y2027\/wp-content\/uploads\/sites\/30\/2026\/04\/IMG_9611-1024x768.jpeg 1024w, https:\/\/eleves.escl.fr\/wp2\/y2027\/wp-content\/uploads\/sites\/30\/2026\/04\/IMG_9611-300x225.jpeg 300w, https:\/\/eleves.escl.fr\/wp2\/y2027\/wp-content\/uploads\/sites\/30\/2026\/04\/IMG_9611-768x576.jpeg 768w, https:\/\/eleves.escl.fr\/wp2\/y2027\/wp-content\/uploads\/sites\/30\/2026\/04\/IMG_9611-1536x1152.jpeg 1536w, https:\/\/eleves.escl.fr\/wp2\/y2027\/wp-content\/uploads\/sites\/30\/2026\/04\/IMG_9611-2048x1536.jpeg 2048w\" sizes=\"auto, (max-width: 1024px) 100vw, 1024px\" \/><\/figure>\n<\/div>\n<\/div>\n\n\n\n<p>Travail de typo <\/p>\n","protected":false},"excerpt":{"rendered":"<p>Je suis Lila, une \u00e9l\u00e8ve en premi\u00e8re STD2A. Je suis passionn\u00e9 par toutes formes d&rsquo;art depuis mon plus jeune \u00e2ge. Je m&rsquo;exprime \u00e0 travers l&rsquo;illustration, le collage, le crochet, les montages, la photo, la couture, le tricot, la peinture, Ce portfolio rassemble mes projets dont je suis le plus fi\u00e8re que ce soit des projets [&hellip;]<\/p>\n","protected":false},"author":45,"featured_media":0,"parent":0,"menu_order":0,"comment_status":"closed","ping_status":"closed","template":"","meta":{"footnotes":""},"class_list":["post-31","page","type-page","status-publish","hentry"],"_links":{"self":[{"href":"https:\/\/eleves.escl.fr\/wp2\/y2027\/wp-json\/wp\/v2\/pages\/31","targetHints":{"allow":["GET"]}}],"collection":[{"href":"https:\/\/eleves.escl.fr\/wp2\/y2027\/wp-json\/wp\/v2\/pages"}],"about":[{"href":"https:\/\/eleves.escl.fr\/wp2\/y2027\/wp-json\/wp\/v2\/types\/page"}],"author":[{"embeddable":true,"href":"https:\/\/eleves.escl.fr\/wp2\/y2027\/wp-json\/wp\/v2\/users\/45"}],"replies":[{"embeddable":true,"href":"https:\/\/eleves.escl.fr\/wp2\/y2027\/wp-json\/wp\/v2\/comments?post=31"}],"version-history":[{"count":4,"href":"https:\/\/eleves.escl.fr\/wp2\/y2027\/wp-json\/wp\/v2\/pages\/31\/revisions"}],"predecessor-version":[{"id":114,"href":"https:\/\/eleves.escl.fr\/wp2\/y2027\/wp-json\/wp\/v2\/pages\/31\/revisions\/114"}],"wp:attachment":[{"href":"https:\/\/eleves.escl.fr\/wp2\/y2027\/wp-json\/wp\/v2\/media?parent=31"}],"curies":[{"name":"wp","href":"https:\/\/api.w.org\/{rel}","templated":true}]}}