{"id":36,"date":"2026-04-07T13:59:36","date_gmt":"2026-04-07T11:59:36","guid":{"rendered":"https:\/\/eleves.escl.fr\/wp2\/y2027\/?page_id=36"},"modified":"2026-04-07T14:52:13","modified_gmt":"2026-04-07T12:52:13","slug":"siche-auranne","status":"publish","type":"page","link":"https:\/\/eleves.escl.fr\/wp2\/y2027\/siche-auranne\/","title":{"rendered":"SICHE Auranne"},"content":{"rendered":"\n<p>Je suis Auranne Siche, \u00e9l\u00e8ve en classe de premi\u00e8re STD2A. J&rsquo;aimerai r\u00e9aliser un DNA dans le but de devenir photographe dans l&rsquo;avenir. J&rsquo;aime dessiner, faire des maquettes et encore faire de la photographie.  Ce que j&rsquo;aime dans la photo c&rsquo;est de les retoucher. J&rsquo;aimerai prendre des photos dans tout ce qui est \u00e9v\u00e8nementiel comme les mariages et les spectacles.<\/p>\n\n\n\n<hr class=\"wp-block-separator has-alpha-channel-opacity\" \/>\n\n\n\n<div class=\"wp-block-media-text has-media-on-the-right is-stacked-on-mobile\"><div class=\"wp-block-media-text__content\">\n<p>Voici quelques photos :<\/p>\n\n\n\n<figure class=\"wp-block-gallery has-nested-images columns-default is-cropped wp-block-gallery-1 is-layout-flex wp-block-gallery-is-layout-flex\">\n<figure class=\"wp-block-image size-large\"><img loading=\"lazy\" decoding=\"async\" width=\"768\" height=\"1024\" data-id=\"64\" src=\"https:\/\/eleves.escl.fr\/wp2\/y2027\/wp-content\/uploads\/sites\/30\/2026\/04\/20251115_140615-768x1024.jpg\" alt=\"\" class=\"wp-image-64\" srcset=\"https:\/\/eleves.escl.fr\/wp2\/y2027\/wp-content\/uploads\/sites\/30\/2026\/04\/20251115_140615-768x1024.jpg 768w, https:\/\/eleves.escl.fr\/wp2\/y2027\/wp-content\/uploads\/sites\/30\/2026\/04\/20251115_140615-225x300.jpg 225w, https:\/\/eleves.escl.fr\/wp2\/y2027\/wp-content\/uploads\/sites\/30\/2026\/04\/20251115_140615-1152x1536.jpg 1152w, https:\/\/eleves.escl.fr\/wp2\/y2027\/wp-content\/uploads\/sites\/30\/2026\/04\/20251115_140615-1536x2048.jpg 1536w, https:\/\/eleves.escl.fr\/wp2\/y2027\/wp-content\/uploads\/sites\/30\/2026\/04\/20251115_140615-scaled.jpg 1920w\" sizes=\"auto, (max-width: 768px) 100vw, 768px\" \/><\/figure>\n<\/figure>\n<\/div><figure class=\"wp-block-media-text__media\"><img loading=\"lazy\" decoding=\"async\" width=\"768\" height=\"1024\" src=\"https:\/\/eleves.escl.fr\/wp2\/y2027\/wp-content\/uploads\/sites\/30\/2026\/04\/20251107_215051-768x1024.jpg\" alt=\"\" class=\"wp-image-65 size-full\" srcset=\"https:\/\/eleves.escl.fr\/wp2\/y2027\/wp-content\/uploads\/sites\/30\/2026\/04\/20251107_215051-768x1024.jpg 768w, https:\/\/eleves.escl.fr\/wp2\/y2027\/wp-content\/uploads\/sites\/30\/2026\/04\/20251107_215051-225x300.jpg 225w, https:\/\/eleves.escl.fr\/wp2\/y2027\/wp-content\/uploads\/sites\/30\/2026\/04\/20251107_215051-1152x1536.jpg 1152w, https:\/\/eleves.escl.fr\/wp2\/y2027\/wp-content\/uploads\/sites\/30\/2026\/04\/20251107_215051-1536x2048.jpg 1536w, https:\/\/eleves.escl.fr\/wp2\/y2027\/wp-content\/uploads\/sites\/30\/2026\/04\/20251107_215051-scaled.jpg 1920w\" sizes=\"auto, (max-width: 768px) 100vw, 768px\" \/><\/figure><\/div>\n\n\n\n<p>Actuellement j&rsquo;utilise mon t\u00e9l\u00e9phone pour faire des photos mais j&rsquo;essaie de plus utilis\u00e9e un appareil photo pour me familiaris\u00e9 et aussi avoir une meilleure qualit\u00e9 quand je vais les retoucher. J&rsquo;utilise photoshop pour les retouches.<\/p>\n\n\n\n<hr class=\"wp-block-separator has-alpha-channel-opacity\" \/>\n\n\n\n<div class=\"wp-block-media-text has-media-on-the-right is-stacked-on-mobile is-vertically-aligned-top\"><div class=\"wp-block-media-text__content\">\n<p>Voici quelque maquette :<\/p>\n<\/div><figure class=\"wp-block-media-text__media\"><img loading=\"lazy\" decoding=\"async\" width=\"768\" height=\"1024\" src=\"https:\/\/eleves.escl.fr\/wp2\/y2027\/wp-content\/uploads\/sites\/30\/2026\/04\/20260329_165057-768x1024.jpg\" alt=\"\" class=\"wp-image-62 size-full\" srcset=\"https:\/\/eleves.escl.fr\/wp2\/y2027\/wp-content\/uploads\/sites\/30\/2026\/04\/20260329_165057-768x1024.jpg 768w, https:\/\/eleves.escl.fr\/wp2\/y2027\/wp-content\/uploads\/sites\/30\/2026\/04\/20260329_165057-225x300.jpg 225w, https:\/\/eleves.escl.fr\/wp2\/y2027\/wp-content\/uploads\/sites\/30\/2026\/04\/20260329_165057-1152x1536.jpg 1152w, https:\/\/eleves.escl.fr\/wp2\/y2027\/wp-content\/uploads\/sites\/30\/2026\/04\/20260329_165057-1536x2048.jpg 1536w, https:\/\/eleves.escl.fr\/wp2\/y2027\/wp-content\/uploads\/sites\/30\/2026\/04\/20260329_165057-scaled.jpg 1920w\" sizes=\"auto, (max-width: 768px) 100vw, 768px\" \/><\/figure><\/div>\n\n\n\n<p>La maquette a \u00e9t\u00e9 r\u00e9aliser dans le cadre des cours. On a eu une consigne ainsi qu&rsquo;une photo d&rsquo;un dessin d&rsquo;Heckel et on devait la mettre sous la forme d&rsquo;un diorama. J&rsquo;ai utilis\u00e9 du carton et du papier pour r\u00e9aliser ma maquette. J&rsquo;ai ador\u00e9 r\u00e9aliser cette maquette car j&rsquo;aime r\u00e9aliser des choses en 3D, exploit\u00e9 diff\u00e9rente technique pour mettre en volume.<\/p>\n\n\n\n<hr class=\"wp-block-separator has-alpha-channel-opacity\" \/>\n","protected":false},"excerpt":{"rendered":"<p>Je suis Auranne Siche, \u00e9l\u00e8ve en classe de premi\u00e8re STD2A. J&rsquo;aimerai r\u00e9aliser un DNA dans le but de devenir photographe dans l&rsquo;avenir. J&rsquo;aime dessiner, faire des maquettes et encore faire de la photographie. Ce que j&rsquo;aime dans la photo c&rsquo;est de les retoucher. J&rsquo;aimerai prendre des photos dans tout ce qui est \u00e9v\u00e8nementiel comme les [&hellip;]<\/p>\n","protected":false},"author":43,"featured_media":0,"parent":0,"menu_order":0,"comment_status":"closed","ping_status":"closed","template":"","meta":{"footnotes":""},"class_list":["post-36","page","type-page","status-publish","hentry"],"_links":{"self":[{"href":"https:\/\/eleves.escl.fr\/wp2\/y2027\/wp-json\/wp\/v2\/pages\/36","targetHints":{"allow":["GET"]}}],"collection":[{"href":"https:\/\/eleves.escl.fr\/wp2\/y2027\/wp-json\/wp\/v2\/pages"}],"about":[{"href":"https:\/\/eleves.escl.fr\/wp2\/y2027\/wp-json\/wp\/v2\/types\/page"}],"author":[{"embeddable":true,"href":"https:\/\/eleves.escl.fr\/wp2\/y2027\/wp-json\/wp\/v2\/users\/43"}],"replies":[{"embeddable":true,"href":"https:\/\/eleves.escl.fr\/wp2\/y2027\/wp-json\/wp\/v2\/comments?post=36"}],"version-history":[{"count":8,"href":"https:\/\/eleves.escl.fr\/wp2\/y2027\/wp-json\/wp\/v2\/pages\/36\/revisions"}],"predecessor-version":[{"id":98,"href":"https:\/\/eleves.escl.fr\/wp2\/y2027\/wp-json\/wp\/v2\/pages\/36\/revisions\/98"}],"wp:attachment":[{"href":"https:\/\/eleves.escl.fr\/wp2\/y2027\/wp-json\/wp\/v2\/media?parent=36"}],"curies":[{"name":"wp","href":"https:\/\/api.w.org\/{rel}","templated":true}]}}