{"id":38,"date":"2026-04-07T15:02:25","date_gmt":"2026-04-07T13:02:25","guid":{"rendered":"https:\/\/eleves.escl.fr\/wp2\/y2027\/?page_id=38"},"modified":"2026-04-07T15:09:05","modified_gmt":"2026-04-07T13:09:05","slug":"zanin-maelys","status":"publish","type":"page","link":"https:\/\/eleves.escl.fr\/wp2\/y2027\/zanin-maelys\/","title":{"rendered":"ZANIN Ma\u00eblys"},"content":{"rendered":"\n<p>Bonjour, je m&rsquo;appelle ZANIN Ma\u00eblys, actuellement en premi\u00e8re STD2A. Je souhaiterai poursuivre mes \u00e9tudes dans l architecture et me sp\u00e9cialiser dans les b\u00e2timents ancien.  Je trouve que les b\u00e2timents ancien ont un certains charme que ce de nos jours ont disparus. Ils ont du caract\u00e8re. <\/p>\n","protected":false},"excerpt":{"rendered":"<p>Bonjour, je m&rsquo;appelle ZANIN Ma\u00eblys, actuellement en premi\u00e8re STD2A. Je souhaiterai poursuivre mes \u00e9tudes dans l architecture et me sp\u00e9cialiser dans les b\u00e2timents ancien. Je trouve que les b\u00e2timents ancien ont un certains charme que ce de nos jours ont disparus. Ils ont du caract\u00e8re.<\/p>\n","protected":false},"author":46,"featured_media":0,"parent":0,"menu_order":0,"comment_status":"closed","ping_status":"closed","template":"","meta":{"footnotes":""},"class_list":["post-38","page","type-page","status-publish","hentry"],"_links":{"self":[{"href":"https:\/\/eleves.escl.fr\/wp2\/y2027\/wp-json\/wp\/v2\/pages\/38","targetHints":{"allow":["GET"]}}],"collection":[{"href":"https:\/\/eleves.escl.fr\/wp2\/y2027\/wp-json\/wp\/v2\/pages"}],"about":[{"href":"https:\/\/eleves.escl.fr\/wp2\/y2027\/wp-json\/wp\/v2\/types\/page"}],"author":[{"embeddable":true,"href":"https:\/\/eleves.escl.fr\/wp2\/y2027\/wp-json\/wp\/v2\/users\/46"}],"replies":[{"embeddable":true,"href":"https:\/\/eleves.escl.fr\/wp2\/y2027\/wp-json\/wp\/v2\/comments?post=38"}],"version-history":[{"count":3,"href":"https:\/\/eleves.escl.fr\/wp2\/y2027\/wp-json\/wp\/v2\/pages\/38\/revisions"}],"predecessor-version":[{"id":122,"href":"https:\/\/eleves.escl.fr\/wp2\/y2027\/wp-json\/wp\/v2\/pages\/38\/revisions\/122"}],"wp:attachment":[{"href":"https:\/\/eleves.escl.fr\/wp2\/y2027\/wp-json\/wp\/v2\/media?parent=38"}],"curies":[{"name":"wp","href":"https:\/\/api.w.org\/{rel}","templated":true}]}}