{"id":70,"date":"2026-05-12T14:07:56","date_gmt":"2026-05-12T12:07:56","guid":{"rendered":"https:\/\/eleves.escl.fr\/wp2\/y2027\/?page_id=70"},"modified":"2026-05-12T15:11:42","modified_gmt":"2026-05-12T13:11:42","slug":"flandin-timeo","status":"publish","type":"page","link":"https:\/\/eleves.escl.fr\/wp2\/y2027\/flandin-timeo\/","title":{"rendered":"FLANDIN Tim\u00e9o"},"content":{"rendered":"\n<div class=\"wp-block-group alignfull is-style-section-2 has-global-padding is-layout-constrained wp-block-group-is-layout-constrained is-style-section-2--1\" style=\"margin-top:0;margin-bottom:0;padding-top:var(--wp--preset--spacing--60);padding-bottom:var(--wp--preset--spacing--60)\">\n<div class=\"wp-block-columns alignwide is-layout-flex wp-container-core-columns-is-layout-643ced6b wp-block-columns-is-layout-flex\">\n<div class=\"wp-block-column is-layout-flow wp-block-column-is-layout-flow\" style=\"flex-basis:40%\">\n<figure class=\"wp-block-gallery has-nested-images columns-default is-cropped wp-block-gallery-2 is-layout-flex wp-block-gallery-is-layout-flex\">\n<figure class=\"wp-block-image size-large is-style-default\"><img loading=\"lazy\" decoding=\"async\" width=\"1024\" height=\"683\" data-id=\"246\" src=\"https:\/\/eleves.escl.fr\/wp2\/y2027\/wp-content\/uploads\/sites\/30\/2026\/05\/dubai-1-1024x683.jpg\" alt=\"\" class=\"wp-image-246\" srcset=\"https:\/\/eleves.escl.fr\/wp2\/y2027\/wp-content\/uploads\/sites\/30\/2026\/05\/dubai-1-1024x683.jpg 1024w, https:\/\/eleves.escl.fr\/wp2\/y2027\/wp-content\/uploads\/sites\/30\/2026\/05\/dubai-1-300x200.jpg 300w, https:\/\/eleves.escl.fr\/wp2\/y2027\/wp-content\/uploads\/sites\/30\/2026\/05\/dubai-1-768x512.jpg 768w, https:\/\/eleves.escl.fr\/wp2\/y2027\/wp-content\/uploads\/sites\/30\/2026\/05\/dubai-1.jpg 1180w\" sizes=\"auto, (max-width: 1024px) 100vw, 1024px\" \/><\/figure>\n<\/figure>\n<\/div>\n\n\n\n<div class=\"wp-block-column is-vertically-aligned-center is-layout-flow wp-container-core-column-is-layout-119bc444 wp-block-column-is-layout-flow\" style=\"flex-basis:60%\">\n<h2 class=\"wp-block-heading has-xx-large-font-size\">PORTFOLIO<\/h2>\n\n\n\n<div class=\"wp-block-group is-vertical is-layout-flex wp-container-core-group-is-layout-41e20069 wp-block-group-is-layout-flex\">\n<h3 class=\"wp-block-heading has-small-font-size\" style=\"font-style:normal;font-weight:600;letter-spacing:1px;text-transform:uppercase\">je m&rsquo;appelle Tim\u00e9o j&rsquo;ai 16 ans et je suis actuellement en classe de STD2A en Loz\u00e8re au lyc\u00e9e Saint Pierre &#8211; Saint Paul a Langogne. Je suis dans cette fili\u00e8re car je suis tr\u00e8s int\u00e9ress\u00e9 par l&rsquo;univers artistique et toutes ses d\u00e9riv\u00e9es comme par exemple la musique.<\/h3>\n\n\n\n<p>Parmi ces d\u00e9riv\u00e9es, je voue une r\u00e9elle passion pour l&rsquo;architecture de b\u00e2timent urbain ainsi que les voyages. Je voudrais plus tard \u00eatre architecte dans des grandes villes comme New York, Duba\u00ef ou encore Toronto. Les gratte-ciels sont des merveilles de l&rsquo;architecture pour moi. Leur hauteur est symbole de prestance. Ces b\u00e2timents repoussent les limites du possible de par leur imposante taille. <\/p>\n\n\n\n<div class=\"wp-block-group is-layout-flex wp-block-group-is-layout-flex\">\n<p class=\"is-style-text-annotation is-style-text-annotation--3\"><a href=\"#\">YouTube<\/a><\/p>\n\n\n\n<p class=\"is-style-text-annotation is-style-text-annotation--4\"><a href=\"#\">Apple Podcasts<\/a><\/p>\n\n\n\n<p class=\"is-style-text-annotation is-style-text-annotation--5\"><a href=\"#\">Spotify<\/a><\/p>\n\n\n\n<p class=\"is-style-text-annotation is-style-text-annotation--6\"><a href=\"#\">Pocket Casts<\/a><\/p>\n\n\n\n<p class=\"is-style-text-annotation is-style-text-annotation--7\"><a href=\"#\">RSS<\/a><\/p>\n<\/div>\n<\/div>\n<\/div>\n<\/div>\n<\/div>\n\n\n\n<div class=\"wp-block-group alignfull is-style-section-5 has-global-padding is-layout-constrained wp-block-group-is-layout-constrained is-style-section-5--8\" style=\"margin-top:0;margin-bottom:0;padding-top:var(--wp--preset--spacing--50);padding-bottom:var(--wp--preset--spacing--50)\">\n<div class=\"wp-block-columns alignwide is-layout-flex wp-container-core-columns-is-layout-7ee84d44 wp-block-columns-is-layout-flex\">\n<div class=\"wp-block-column is-vertically-aligned-center is-layout-flow wp-block-column-is-layout-flow\" style=\"flex-basis:50%\">\n<h2 class=\"wp-block-heading\">Mon tout premier dessin <\/h2>\n\n\n\n<p class=\"has-medium-font-size\">Pour mon d\u00e9but d&rsquo;ann\u00e9e en premi\u00e8re STD2A  je devais r\u00e9aliser une s\u00e9rie de planche retra\u00e7ant l&rsquo;utilisation d&rsquo;un cutter. Pour cela, il a fallut que je m&rsquo;entraine plusieurs semaines a dessiner des mains et celle-ci fut la premi\u00e8re d&rsquo;une longue liste.<\/p>\n<\/div>\n\n\n\n<div class=\"wp-block-column is-vertically-aligned-center is-layout-flow wp-block-column-is-layout-flow\" style=\"flex-basis:50%\">\n<figure class=\"wp-block-image size-large\"><img decoding=\"async\" src=\"https:\/\/eleves.escl.fr\/wp2\/musique\/wp-content\/uploads\/sites\/29\/2026\/05\/IMG_0064-scaled.jpeg\" alt=\"Cliff Palace, Colorado\" style=\"aspect-ratio:1;object-fit:cover\" \/><\/figure>\n<\/div>\n<\/div>\n<\/div>\n\n\n\n<div class=\"wp-block-group alignfull is-style-section-1 has-global-padding is-layout-constrained wp-block-group-is-layout-constrained is-style-section-1--9\" style=\"margin-top:0;margin-bottom:0;padding-top:var(--wp--preset--spacing--80);padding-bottom:var(--wp--preset--spacing--80)\">\n<h2 class=\"wp-block-heading has-text-align-center\">Autres projets <\/h2>\n\n\n\n<figure class=\"wp-block-video\"><video height=\"1080\" style=\"aspect-ratio: 1432 \/ 1080;\" width=\"1432\" controls src=\"https:\/\/eleves.escl.fr\/wp2\/y2027\/wp-content\/uploads\/sites\/30\/2026\/05\/1000067260.mp4\"><\/video><\/figure>\n\n\n\n<div style=\"height:var(--wp--preset--spacing--30)\" aria-hidden=\"true\" class=\"wp-block-spacer\"><\/div>\n\n\n\n<div class=\"wp-block-group alignwide is-content-justification-center is-layout-flex wp-container-core-group-is-layout-93c238a2 wp-block-group-is-layout-flex\" style=\"min-height:0px;padding-top:0;padding-bottom:0\">\n<figure class=\"wp-block-image size-full is-resized\"><img loading=\"lazy\" decoding=\"async\" width=\"566\" height=\"600\" src=\"https:\/\/eleves.escl.fr\/wp2\/y2027\/wp-content\/uploads\/sites\/30\/2026\/05\/cuisine-logiciel.jpg\" alt=\"\" class=\"wp-image-280\" style=\"aspect-ratio:4\/3;object-fit:contain;width:150px\" srcset=\"https:\/\/eleves.escl.fr\/wp2\/y2027\/wp-content\/uploads\/sites\/30\/2026\/05\/cuisine-logiciel.jpg 566w, https:\/\/eleves.escl.fr\/wp2\/y2027\/wp-content\/uploads\/sites\/30\/2026\/05\/cuisine-logiciel-283x300.jpg 283w\" sizes=\"auto, (max-width: 566px) 100vw, 566px\" \/><\/figure>\n\n\n\n<figure class=\"wp-block-image size-large is-resized\"><img decoding=\"async\" src=\"https:\/\/eleves.escl.fr\/wp2\/musique\/wp-content\/uploads\/sites\/29\/2026\/05\/IMG_0637-scaled-e1778589396569.jpeg\" alt=\"\" style=\"aspect-ratio:4\/3;object-fit:contain;width:150px\" \/><\/figure>\n\n\n\n<figure class=\"wp-block-image size-large is-resized\"><img decoding=\"async\" src=\"https:\/\/eleves.escl.fr\/wp2\/musique\/wp-content\/uploads\/sites\/29\/2026\/05\/IMG_0467-scaled.jpeg\" alt=\"\" style=\"aspect-ratio:4\/3;object-fit:contain;width:150px\" \/><\/figure>\n\n\n\n<figure class=\"wp-block-image size-large is-resized\"><img decoding=\"async\" src=\"https:\/\/eleves.escl.fr\/wp2\/musique\/wp-content\/uploads\/sites\/29\/2026\/05\/IMG_1065-scaled-e1778589662722.jpeg\" alt=\"\" style=\"aspect-ratio:4\/3;object-fit:contain;width:150px\" \/><\/figure>\n\n\n\n<figure class=\"wp-block-image size-large is-resized\"><img decoding=\"async\" src=\"https:\/\/eleves.escl.fr\/wp2\/musique\/wp-content\/uploads\/sites\/29\/2026\/05\/IMG_1141-scaled-e1778590000371.jpeg\" alt=\"\" style=\"aspect-ratio:4\/3;object-fit:contain;width:150px\" \/><\/figure>\n<\/div>\n<\/div>\n\n\n\n<div class=\"wp-block-group alignfull has-global-padding is-layout-constrained wp-container-core-group-is-layout-ebee8dc1 wp-block-group-is-layout-constrained\" style=\"margin-top:0;margin-bottom:0;padding-top:var(--wp--preset--spacing--50);padding-bottom:var(--wp--preset--spacing--50)\">\n<div class=\"wp-block-group alignwide is-content-justification-space-between is-layout-flex wp-container-core-group-is-layout-9366075c wp-block-group-is-layout-flex\">\n<h2 class=\"wp-block-heading alignwide has-text-align-left is-style-text-subtitle has-x-large-font-size is-style-text-subtitle--10\">Explorez les \u00e9pisodes<\/h2>\n\n\n\n<p class=\"is-style-text-annotation is-style-text-annotation--11\">Podcast<\/p>\n<\/div>\n\n\n\n<div class=\"wp-block-group alignwide is-layout-grid wp-container-core-group-is-layout-1ce758a5 wp-block-group-is-layout-grid\">\n<figure class=\"wp-block-video\"><\/figure>\n\n\n\n<figure class=\"wp-block-video\"><\/figure>\n\n\n\n<figure class=\"wp-block-video\"><\/figure>\n\n\n\n<figure class=\"wp-block-video\"><\/figure>\n\n\n\n<figure class=\"wp-block-video\"><\/figure>\n\n\n\n<figure class=\"wp-block-video\"><\/figure>\n<\/div>\n<\/div>\n\n\n\n<aside class=\"wp-block-group alignfull is-style-section-3 has-global-padding is-layout-constrained wp-container-core-group-is-layout-f0f2a97b wp-block-group-is-layout-constrained is-style-section-3--12\" style=\"margin-top:0;margin-bottom:0;padding-top:var(--wp--preset--spacing--50);padding-right:var(--wp--preset--spacing--50);padding-bottom:var(--wp--preset--spacing--50);padding-left:var(--wp--preset--spacing--50)\">\n<div class=\"wp-block-group is-vertical is-content-justification-center is-layout-flex wp-container-core-group-is-layout-8778ca4a wp-block-group-is-layout-flex\" style=\"min-height:360px;margin-top:0;margin-bottom:0\">\n<h2 class=\"wp-block-heading has-text-align-center has-xx-large-font-size\">Inscrivez-vous pour recevoir des histoires quotidiennes<\/h2>\n\n\n\n<p class=\"has-text-align-center is-style-text-subtitle is-style-text-subtitle--13\">Acc\u00e9dez \u00e0 une collection soigneusement s\u00e9lectionn\u00e9e de moments dans le temps, avec des photographies d\u2019int\u00e9ret historique.<\/p>\n\n\n\n<div style=\"height:0px\" aria-hidden=\"true\" class=\"wp-block-spacer wp-container-content-62aae154\"><\/div>\n\n\n\n<div class=\"wp-block-buttons is-content-justification-center is-layout-flex wp-container-core-buttons-is-layout-a89b3969 wp-block-buttons-is-layout-flex\">\n<div class=\"wp-block-button\"><a class=\"wp-block-button__link has-text-align-center wp-element-button\">S\u2019abonner<\/a><\/div>\n<\/div>\n<\/div>\n<\/aside>\n","protected":false},"excerpt":{"rendered":"<p>PORTFOLIO je m&rsquo;appelle Tim\u00e9o j&rsquo;ai 16 ans et je suis actuellement en classe de STD2A en Loz\u00e8re au lyc\u00e9e Saint Pierre &#8211; Saint Paul a Langogne. Je suis dans cette fili\u00e8re car je suis tr\u00e8s int\u00e9ress\u00e9 par l&rsquo;univers artistique et toutes ses d\u00e9riv\u00e9es comme par exemple la musique. Parmi ces d\u00e9riv\u00e9es, je voue une r\u00e9elle [&hellip;]<\/p>\n","protected":false},"author":48,"featured_media":0,"parent":0,"menu_order":0,"comment_status":"closed","ping_status":"closed","template":"","meta":{"footnotes":""},"class_list":["post-70","page","type-page","status-publish","hentry"],"_links":{"self":[{"href":"https:\/\/eleves.escl.fr\/wp2\/y2027\/wp-json\/wp\/v2\/pages\/70","targetHints":{"allow":["GET"]}}],"collection":[{"href":"https:\/\/eleves.escl.fr\/wp2\/y2027\/wp-json\/wp\/v2\/pages"}],"about":[{"href":"https:\/\/eleves.escl.fr\/wp2\/y2027\/wp-json\/wp\/v2\/types\/page"}],"author":[{"embeddable":true,"href":"https:\/\/eleves.escl.fr\/wp2\/y2027\/wp-json\/wp\/v2\/users\/48"}],"replies":[{"embeddable":true,"href":"https:\/\/eleves.escl.fr\/wp2\/y2027\/wp-json\/wp\/v2\/comments?post=70"}],"version-history":[{"count":12,"href":"https:\/\/eleves.escl.fr\/wp2\/y2027\/wp-json\/wp\/v2\/pages\/70\/revisions"}],"predecessor-version":[{"id":341,"href":"https:\/\/eleves.escl.fr\/wp2\/y2027\/wp-json\/wp\/v2\/pages\/70\/revisions\/341"}],"wp:attachment":[{"href":"https:\/\/eleves.escl.fr\/wp2\/y2027\/wp-json\/wp\/v2\/media?parent=70"}],"curies":[{"name":"wp","href":"https:\/\/api.w.org\/{rel}","templated":true}]}}